{"id":98,"date":"2025-06-01T18:24:18","date_gmt":"2025-06-01T15:24:18","guid":{"rendered":"https:\/\/hullujuttu.fi\/?page_id=98"},"modified":"2025-06-16T20:19:26","modified_gmt":"2025-06-16T17:19:26","slug":"yhteydenotto","status":"publish","type":"page","link":"https:\/\/hullujuttu.fi\/?page_id=98","title":{"rendered":"Yhteydenotto"},"content":{"rendered":"\n<div class=\"wp-block-stackable-divider stk-block-divider stk-block stk-ad9319b\" data-block-id=\"ad9319b\"><hr class=\"stk-block-divider__hr\"\/><\/div>\n\n\n\n<div class=\"wp-block-media-text is-stacked-on-mobile\"><figure class=\"wp-block-media-text__media\"><img loading=\"lazy\" decoding=\"async\" width=\"512\" height=\"507\" src=\"https:\/\/hullujuttu.fi\/wp-content\/uploads\/2025\/05\/Hullujuttu-logoehdotus-2-iso.jpg\" alt=\"\" class=\"wp-image-13 size-full\" srcset=\"https:\/\/hullujuttu.fi\/wp-content\/uploads\/2025\/05\/Hullujuttu-logoehdotus-2-iso.jpg 512w, https:\/\/hullujuttu.fi\/wp-content\/uploads\/2025\/05\/Hullujuttu-logoehdotus-2-iso-300x297.jpg 300w, https:\/\/hullujuttu.fi\/wp-content\/uploads\/2025\/05\/Hullujuttu-logoehdotus-2-iso-150x150.jpg 150w\" sizes=\"auto, (max-width: 512px) 100vw, 512px\" \/><\/figure><div class=\"wp-block-media-text__content\">\n<p class=\"has-medium-font-size\"><strong>Hullujuttu Oy<\/strong><\/p>\n\n\n\n<p>info@hullujuttu.fi  <\/p>\n\n\n\n<p>0457 8320 432<\/p>\n\n\n\n<p>Porvoo<\/p>\n\n\n\n<div class=\"wp-block-stackable-divider stk-block-divider stk-block stk-527b292\" data-block-id=\"527b292\"><hr class=\"stk-block-divider__hr\"\/><\/div>\n\n\n\n<p>Tutustu my\u00f6s Facebook-p\u00e4ivityksiin: <\/p>\n\n\n\n<p><a href=\"https:\/\/www.facebook.com\/profile.php?id=61576895710394\">Hullujuttu Facebookissa<\/a><\/p>\n<\/div><\/div>\n\n\n\n<div class=\"wp-block-stackable-divider stk-block-divider stk-block stk-6df47db\" data-block-id=\"6df47db\"><hr class=\"stk-block-divider__hr\"\/><\/div>\n\n\n\n<p class=\"has-text-align-center has-medium-font-size\">Tai ota helposti yhteytt\u00e4 alla olevalla lomakkeella:<\/p>\n\n\n<div class=\"wpforms-container wpforms-container-full wpforms-block wpforms-block-a391aeed-5d1e-48fc-afdd-0c98011a0d50 wpforms-render-modern\" id=\"wpforms-95\"><form id=\"wpforms-form-95\" class=\"wpforms-validate wpforms-form wpforms-ajax-form\" data-formid=\"95\" method=\"post\" enctype=\"multipart\/form-data\" action=\"\/index.php?rest_route=%2Fwp%2Fv2%2Fpages%2F98\" data-token=\"73f58f6b7d2db5284e8ff0c5afcd8fa4\" data-token-time=\"1778913547\"><noscript class=\"wpforms-error-noscript\">Please enable JavaScript in your browser to complete this form.<\/noscript><div id=\"wpforms-error-noscript\" style=\"display: none;\">Please enable JavaScript in your browser to complete this form.<\/div><div class=\"wpforms-field-container\"><div id=\"wpforms-95-field_1-container\" class=\"wpforms-field wpforms-field-name\" data-field-id=\"1\"><label class=\"wpforms-field-label\" for=\"wpforms-95-field_1\">Nimi <span class=\"wpforms-required-label\" aria-hidden=\"true\">*<\/span><\/label><input type=\"text\" id=\"wpforms-95-field_1\" class=\"wpforms-field-medium wpforms-field-required\" name=\"wpforms[fields][1]\" aria-errormessage=\"wpforms-95-field_1-error\" required><\/div>\t\t<div id=\"wpforms-95-field_4-container\"\n\t\t\tclass=\"wpforms-field wpforms-field-text\"\n\t\t\tdata-field-type=\"text\"\n\t\t\tdata-field-id=\"4\"\n\t\t\t>\n\t\t\t<label class=\"wpforms-field-label\" for=\"wpforms-95-field_4\" >S\u00e4hk\u00f6posti \/ yhteydenottopyynt\u00f6<\/label>\n\t\t\t<input type=\"text\" id=\"wpforms-95-field_4\" class=\"wpforms-field-medium\" name=\"wpforms[fields][4]\" >\n\t\t<\/div>\n\t\t<div id=\"wpforms-95-field_2-container\" class=\"wpforms-field wpforms-field-email\" data-field-id=\"2\"><label class=\"wpforms-field-label\" for=\"wpforms-95-field_2\">S\u00e4hk\u00f6posti <span class=\"wpforms-required-label\" aria-hidden=\"true\">*<\/span><\/label><input type=\"email\" id=\"wpforms-95-field_2\" class=\"wpforms-field-medium wpforms-field-required\" name=\"wpforms[fields][2]\" spellcheck=\"false\" aria-errormessage=\"wpforms-95-field_2-error\" required><\/div><div id=\"wpforms-95-field_3-container\" class=\"wpforms-field wpforms-field-textarea\" data-field-id=\"3\"><label class=\"wpforms-field-label\" for=\"wpforms-95-field_3\">Viesti \/ yhteydenottopyynt\u00f6 \/ tilaus <span class=\"wpforms-required-label\" aria-hidden=\"true\">*<\/span><\/label><textarea id=\"wpforms-95-field_3\" class=\"wpforms-field-medium wpforms-field-required\" name=\"wpforms[fields][3]\" aria-errormessage=\"wpforms-95-field_3-error\" required><\/textarea><\/div><script>\n\t\t\t\t( function() {\n\t\t\t\t\tconst style = document.createElement( 'style' );\n\t\t\t\t\tstyle.appendChild( document.createTextNode( '#wpforms-95-field_4-container { position: absolute !important; overflow: hidden !important; display: inline !important; height: 1px !important; width: 1px !important; z-index: -1000 !important; padding: 0 !important; } #wpforms-95-field_4-container input { visibility: hidden; } #wpforms-conversational-form-page #wpforms-95-field_4-container label { counter-increment: none; }' ) );\n\t\t\t\t\tdocument.head.appendChild( style );\n\t\t\t\t\tdocument.currentScript?.remove();\n\t\t\t\t} )();\n\t\t\t<\/script><\/div><!-- .wpforms-field-container --><div class=\"wpforms-submit-container\" ><input type=\"hidden\" name=\"wpforms[id]\" value=\"95\"><input type=\"hidden\" name=\"page_title\" value=\"\"><input type=\"hidden\" name=\"page_url\" value=\"https:\/\/hullujuttu.fi\/index.php?rest_route=\/wp\/v2\/pages\/98\"><input type=\"hidden\" name=\"url_referer\" value=\"\"><button type=\"submit\" name=\"wpforms[submit]\" id=\"wpforms-submit-95\" class=\"wpforms-submit\" data-alt-text=\"L\u00e4hetet\u00e4\u00e4n...\" data-submit-text=\"L\u00e4het\u00e4\" aria-live=\"assertive\" value=\"wpforms-submit\">L\u00e4het\u00e4<\/button><img loading=\"lazy\" decoding=\"async\" src=\"https:\/\/hullujuttu.fi\/wp-content\/plugins\/wpforms-lite\/assets\/images\/submit-spin.svg\" class=\"wpforms-submit-spinner\" style=\"display: none;\" width=\"26\" height=\"26\" alt=\"Loading\"><\/div><\/form><\/div>  <!-- .wpforms-container -->","protected":false},"excerpt":{"rendered":"<p>Tai ota helposti yhteytt\u00e4 alla olevalla lomakkeella:<\/p>\n","protected":false},"author":1,"featured_media":0,"parent":0,"menu_order":0,"comment_status":"closed","ping_status":"closed","template":"","meta":{"footnotes":""},"class_list":["post-98","page","type-page","status-publish","hentry"],"yoast_head":"<!-- This site is optimized with the Yoast SEO plugin v27.6 - https:\/\/yoast.com\/product\/yoast-seo-wordpress\/ -->\n<title>Yhteydenotto - Hullujuttu<\/title>\n<meta name=\"robots\" content=\"index, follow, max-snippet:-1, max-image-preview:large, max-video-preview:-1\" \/>\n<link rel=\"canonical\" href=\"https:\/\/hullujuttu.fi\/?page_id=98\" \/>\n<meta property=\"og:locale\" content=\"fi_FI\" \/>\n<meta property=\"og:type\" content=\"article\" \/>\n<meta property=\"og:title\" content=\"Yhteydenotto - Hullujuttu\" \/>\n<meta property=\"og:description\" content=\"Tai ota helposti yhteytt\u00e4 alla olevalla lomakkeella:\" \/>\n<meta property=\"og:url\" content=\"https:\/\/hullujuttu.fi\/?page_id=98\" \/>\n<meta property=\"og:site_name\" content=\"Hullujuttu\" \/>\n<meta property=\"article:publisher\" content=\"https:\/\/www.facebook.com\/profile.php?id=61576895710394\" \/>\n<meta property=\"article:modified_time\" content=\"2025-06-16T17:19:26+00:00\" \/>\n<meta property=\"og:image\" content=\"https:\/\/hullujuttu.fi\/wp-content\/uploads\/2025\/05\/Hullujuttu-logoehdotus-2-iso.jpg\" \/>\n\t<meta property=\"og:image:width\" content=\"512\" \/>\n\t<meta property=\"og:image:height\" content=\"507\" \/>\n\t<meta property=\"og:image:type\" content=\"image\/jpeg\" \/>\n<meta name=\"twitter:card\" content=\"summary_large_image\" \/>\n<meta name=\"twitter:label1\" content=\"Arvioitu lukuaika\" \/>\n\t<meta name=\"twitter:data1\" content=\"1 minuutti\" \/>\n<script type=\"application\/ld+json\" class=\"yoast-schema-graph\">{\"@context\":\"https:\\\/\\\/schema.org\",\"@graph\":[{\"@type\":\"WebPage\",\"@id\":\"https:\\\/\\\/hullujuttu.fi\\\/?page_id=98\",\"url\":\"https:\\\/\\\/hullujuttu.fi\\\/?page_id=98\",\"name\":\"Yhteydenotto - Hullujuttu\",\"isPartOf\":{\"@id\":\"https:\\\/\\\/hullujuttu.fi\\\/#website\"},\"primaryImageOfPage\":{\"@id\":\"https:\\\/\\\/hullujuttu.fi\\\/?page_id=98#primaryimage\"},\"image\":{\"@id\":\"https:\\\/\\\/hullujuttu.fi\\\/?page_id=98#primaryimage\"},\"thumbnailUrl\":\"https:\\\/\\\/hullujuttu.fi\\\/wp-content\\\/uploads\\\/2025\\\/05\\\/Hullujuttu-logoehdotus-2-iso.jpg\",\"datePublished\":\"2025-06-01T15:24:18+00:00\",\"dateModified\":\"2025-06-16T17:19:26+00:00\",\"breadcrumb\":{\"@id\":\"https:\\\/\\\/hullujuttu.fi\\\/?page_id=98#breadcrumb\"},\"inLanguage\":\"fi\",\"potentialAction\":[{\"@type\":\"ReadAction\",\"target\":[\"https:\\\/\\\/hullujuttu.fi\\\/?page_id=98\"]}]},{\"@type\":\"ImageObject\",\"inLanguage\":\"fi\",\"@id\":\"https:\\\/\\\/hullujuttu.fi\\\/?page_id=98#primaryimage\",\"url\":\"https:\\\/\\\/hullujuttu.fi\\\/wp-content\\\/uploads\\\/2025\\\/05\\\/Hullujuttu-logoehdotus-2-iso.jpg\",\"contentUrl\":\"https:\\\/\\\/hullujuttu.fi\\\/wp-content\\\/uploads\\\/2025\\\/05\\\/Hullujuttu-logoehdotus-2-iso.jpg\",\"width\":512,\"height\":507},{\"@type\":\"BreadcrumbList\",\"@id\":\"https:\\\/\\\/hullujuttu.fi\\\/?page_id=98#breadcrumb\",\"itemListElement\":[{\"@type\":\"ListItem\",\"position\":1,\"name\":\"Etusivu\",\"item\":\"https:\\\/\\\/hullujuttu.fi\\\/\"},{\"@type\":\"ListItem\",\"position\":2,\"name\":\"Yhteydenotto\"}]},{\"@type\":\"WebSite\",\"@id\":\"https:\\\/\\\/hullujuttu.fi\\\/#website\",\"url\":\"https:\\\/\\\/hullujuttu.fi\\\/\",\"name\":\"Hullujuttu\",\"description\":\"Yksil&ouml;llisi&auml; ja massasta erottuvia laserkaiverrust&ouml;it&auml;.\",\"publisher\":{\"@id\":\"https:\\\/\\\/hullujuttu.fi\\\/#organization\"},\"potentialAction\":[{\"@type\":\"SearchAction\",\"target\":{\"@type\":\"EntryPoint\",\"urlTemplate\":\"https:\\\/\\\/hullujuttu.fi\\\/?s={search_term_string}\"},\"query-input\":{\"@type\":\"PropertyValueSpecification\",\"valueRequired\":true,\"valueName\":\"search_term_string\"}}],\"inLanguage\":\"fi\"},{\"@type\":\"Organization\",\"@id\":\"https:\\\/\\\/hullujuttu.fi\\\/#organization\",\"name\":\"Hullujuttu\",\"url\":\"https:\\\/\\\/hullujuttu.fi\\\/\",\"logo\":{\"@type\":\"ImageObject\",\"inLanguage\":\"fi\",\"@id\":\"https:\\\/\\\/hullujuttu.fi\\\/#\\\/schema\\\/logo\\\/image\\\/\",\"url\":\"https:\\\/\\\/hullujuttu.fi\\\/wp-content\\\/uploads\\\/2025\\\/05\\\/cropped-Hullujuttu-logoehdotus-2-iso-1.jpg\",\"contentUrl\":\"https:\\\/\\\/hullujuttu.fi\\\/wp-content\\\/uploads\\\/2025\\\/05\\\/cropped-Hullujuttu-logoehdotus-2-iso-1.jpg\",\"width\":512,\"height\":512,\"caption\":\"Hullujuttu\"},\"image\":{\"@id\":\"https:\\\/\\\/hullujuttu.fi\\\/#\\\/schema\\\/logo\\\/image\\\/\"},\"sameAs\":[\"https:\\\/\\\/www.facebook.com\\\/profile.php?id=61576895710394\"]}]}<\/script>\n<!-- \/ Yoast SEO plugin. -->","yoast_head_json":{"title":"Yhteydenotto - Hullujuttu","robots":{"index":"index","follow":"follow","max-snippet":"max-snippet:-1","max-image-preview":"max-image-preview:large","max-video-preview":"max-video-preview:-1"},"canonical":"https:\/\/hullujuttu.fi\/?page_id=98","og_locale":"fi_FI","og_type":"article","og_title":"Yhteydenotto - Hullujuttu","og_description":"Tai ota helposti yhteytt\u00e4 alla olevalla lomakkeella:","og_url":"https:\/\/hullujuttu.fi\/?page_id=98","og_site_name":"Hullujuttu","article_publisher":"https:\/\/www.facebook.com\/profile.php?id=61576895710394","article_modified_time":"2025-06-16T17:19:26+00:00","og_image":[{"width":512,"height":507,"url":"https:\/\/hullujuttu.fi\/wp-content\/uploads\/2025\/05\/Hullujuttu-logoehdotus-2-iso.jpg","type":"image\/jpeg"}],"twitter_card":"summary_large_image","twitter_misc":{"Arvioitu lukuaika":"1 minuutti"},"schema":{"@context":"https:\/\/schema.org","@graph":[{"@type":"WebPage","@id":"https:\/\/hullujuttu.fi\/?page_id=98","url":"https:\/\/hullujuttu.fi\/?page_id=98","name":"Yhteydenotto - Hullujuttu","isPartOf":{"@id":"https:\/\/hullujuttu.fi\/#website"},"primaryImageOfPage":{"@id":"https:\/\/hullujuttu.fi\/?page_id=98#primaryimage"},"image":{"@id":"https:\/\/hullujuttu.fi\/?page_id=98#primaryimage"},"thumbnailUrl":"https:\/\/hullujuttu.fi\/wp-content\/uploads\/2025\/05\/Hullujuttu-logoehdotus-2-iso.jpg","datePublished":"2025-06-01T15:24:18+00:00","dateModified":"2025-06-16T17:19:26+00:00","breadcrumb":{"@id":"https:\/\/hullujuttu.fi\/?page_id=98#breadcrumb"},"inLanguage":"fi","potentialAction":[{"@type":"ReadAction","target":["https:\/\/hullujuttu.fi\/?page_id=98"]}]},{"@type":"ImageObject","inLanguage":"fi","@id":"https:\/\/hullujuttu.fi\/?page_id=98#primaryimage","url":"https:\/\/hullujuttu.fi\/wp-content\/uploads\/2025\/05\/Hullujuttu-logoehdotus-2-iso.jpg","contentUrl":"https:\/\/hullujuttu.fi\/wp-content\/uploads\/2025\/05\/Hullujuttu-logoehdotus-2-iso.jpg","width":512,"height":507},{"@type":"BreadcrumbList","@id":"https:\/\/hullujuttu.fi\/?page_id=98#breadcrumb","itemListElement":[{"@type":"ListItem","position":1,"name":"Etusivu","item":"https:\/\/hullujuttu.fi\/"},{"@type":"ListItem","position":2,"name":"Yhteydenotto"}]},{"@type":"WebSite","@id":"https:\/\/hullujuttu.fi\/#website","url":"https:\/\/hullujuttu.fi\/","name":"Hullujuttu","description":"Yksil&ouml;llisi&auml; ja massasta erottuvia laserkaiverrust&ouml;it&auml;.","publisher":{"@id":"https:\/\/hullujuttu.fi\/#organization"},"potentialAction":[{"@type":"SearchAction","target":{"@type":"EntryPoint","urlTemplate":"https:\/\/hullujuttu.fi\/?s={search_term_string}"},"query-input":{"@type":"PropertyValueSpecification","valueRequired":true,"valueName":"search_term_string"}}],"inLanguage":"fi"},{"@type":"Organization","@id":"https:\/\/hullujuttu.fi\/#organization","name":"Hullujuttu","url":"https:\/\/hullujuttu.fi\/","logo":{"@type":"ImageObject","inLanguage":"fi","@id":"https:\/\/hullujuttu.fi\/#\/schema\/logo\/image\/","url":"https:\/\/hullujuttu.fi\/wp-content\/uploads\/2025\/05\/cropped-Hullujuttu-logoehdotus-2-iso-1.jpg","contentUrl":"https:\/\/hullujuttu.fi\/wp-content\/uploads\/2025\/05\/cropped-Hullujuttu-logoehdotus-2-iso-1.jpg","width":512,"height":512,"caption":"Hullujuttu"},"image":{"@id":"https:\/\/hullujuttu.fi\/#\/schema\/logo\/image\/"},"sameAs":["https:\/\/www.facebook.com\/profile.php?id=61576895710394"]}]}},"_links":{"self":[{"href":"https:\/\/hullujuttu.fi\/index.php?rest_route=\/wp\/v2\/pages\/98","targetHints":{"allow":["GET"]}}],"collection":[{"href":"https:\/\/hullujuttu.fi\/index.php?rest_route=\/wp\/v2\/pages"}],"about":[{"href":"https:\/\/hullujuttu.fi\/index.php?rest_route=\/wp\/v2\/types\/page"}],"author":[{"embeddable":true,"href":"https:\/\/hullujuttu.fi\/index.php?rest_route=\/wp\/v2\/users\/1"}],"replies":[{"embeddable":true,"href":"https:\/\/hullujuttu.fi\/index.php?rest_route=%2Fwp%2Fv2%2Fcomments&post=98"}],"version-history":[{"count":8,"href":"https:\/\/hullujuttu.fi\/index.php?rest_route=\/wp\/v2\/pages\/98\/revisions"}],"predecessor-version":[{"id":216,"href":"https:\/\/hullujuttu.fi\/index.php?rest_route=\/wp\/v2\/pages\/98\/revisions\/216"}],"wp:attachment":[{"href":"https:\/\/hullujuttu.fi\/index.php?rest_route=%2Fwp%2Fv2%2Fmedia&parent=98"}],"curies":[{"name":"wp","href":"https:\/\/api.w.org\/{rel}","templated":true}]}}