{"id":87,"date":"2025-06-01T18:43:01","date_gmt":"2025-06-01T15:43:01","guid":{"rendered":"https:\/\/hullujuttu.fi\/?page_id=87"},"modified":"2025-06-08T19:05:33","modified_gmt":"2025-06-08T16:05:33","slug":"rekisteri-ja-tietosuojaseloste","status":"publish","type":"page","link":"https:\/\/hullujuttu.fi\/?page_id=87","title":{"rendered":"Rekisteri- ja tietosuojaseloste"},"content":{"rendered":"\n<p>Hullujuttu.fi -sivuston tietosuojaseloste on laadittu, jotta voit varmistua siit\u00e4, ett\u00e4 sivusto k\u00e4sittelee kuviasi ja henkil\u00f6tietojasi asianmukaisesti. Kukin asiakas on tietosuoja-asetuksessa m\u00e4\u00e4ritetty rekister\u00f6ity.<\/p>\n\n\n\n<p>Asiakkaan on hyv\u00e4ksytt\u00e4v\u00e4 t\u00e4m\u00e4n tietosuojaselosteen ehdot k\u00e4ytt\u00e4\u00e4kseen hullujuttu.fi -sivuston palveluja.<\/p>\n\n\n\n<p>T\u00e4m\u00e4 asiakirja kuvaa, mit\u00e4 henkil\u00f6tietoja (eli tietoja, jotka liittyv\u00e4t tiettyihin henkil\u00f6ihin tai joiden avulla voi tunnistaa tietyn henkil\u00f6n) hullujuttu.fi ker\u00e4\u00e4, kun asiakas vierailee hullujuttu.fi verkkosivuilla ja asiakkaan tilausten yhteydess\u00e4, sek\u00e4 miten n\u00e4it\u00e4 henkil\u00f6tietoja k\u00e4sitell\u00e4\u00e4n ja k\u00e4ytet\u00e4\u00e4n. T\u00e4ss\u00e4 asiakirjassa selostetaan my\u00f6s, miten hullujuttu.fi k\u00e4ytt\u00e4\u00e4 ev\u00e4steit\u00e4 (cookies).<\/p>\n\n\n\n<p><strong>K\u00e4yt\u00e4mme tietoja:<\/strong><\/p>\n\n\n\n<ul class=\"wp-block-list\">\n<li>Helppok\u00e4ytt\u00f6isen ja turvallisen palvelun toimittamiseen<\/li>\n\n\n\n<li>Asiakaspalvelun ja markkinoinnin parantamiseen<\/li>\n<\/ul>\n\n\n\n<p><strong>Rekisterinpit\u00e4j\u00e4 ja sen yhteystiedot<\/strong><\/p>\n\n\n\n<p>K\u00e4sitelt\u00e4vien henkil\u00f6tietojen rekisterinpit\u00e4j\u00e4n\u00e4 toimii:<\/p>\n\n\n\n<p>Hullujuttu Oy (Y-tunnus 3540968-2)<br>info@hullujuttu.fi<br>Porvoo<\/p>\n\n\n\n<p>Tietosuojasta ja henkil\u00f6tietojen k\u00e4sittelyst\u00e4 voit kysy\u00e4 lis\u00e4\u00e4:<br>s\u00e4hk\u00f6postitse: info@hullujuttu.fi<\/p>\n\n\n\n<p><strong>Mit\u00e4 tietoja minusta voidaan ker\u00e4t\u00e4?<\/strong><\/p>\n\n\n\n<p>Hullujuttu.fi ker\u00e4\u00e4 ja k\u00e4sittelee ainoastaan sellaista tietoa, jota tarvitaan asiakkaan tilauksen ammattimaista k\u00e4sittely\u00e4 ja asiakassuhteen yll\u00e4pitoa varten.<\/p>\n\n\n\n<p>Henkil\u00f6tietojen k\u00e4sittelyss\u00e4 ja k\u00e4sittelyn suunnittelussa noudatamme hyvi\u00e4 tietosuojak\u00e4yt\u00e4nt\u00f6j\u00e4 mm. tiedon konsolidointi ja anonymisointi, jos se vain on mahdollista. Henkil\u00f6tietojen k\u00e4sittelyss\u00e4 on huomioitu 25.5.2018 alkaen noudatettavan EU:n tietosuoja-asetuksen vaatimukset.<\/p>\n\n\n\n<p><strong>Kuka k\u00e4sittelee henkil\u00f6tietojani?<\/strong><\/p>\n\n\n\n<p>Asiakkaan henkil\u00f6tietoihin on p\u00e4\u00e4sy hullujuttu.fi sivuston yll\u00e4pit\u00e4j\u00e4ll\u00e4.<\/p>\n\n\n\n<p><strong>Kuinka kauan tietojani s\u00e4ilytet\u00e4\u00e4n?<\/strong><\/p>\n\n\n\n<p>S\u00e4ilyt\u00e4mme henkil\u00f6kohtaisia tietoja vain tarvittavan ajan, jotta voimme t\u00e4ytt\u00e4\u00e4 t\u00e4ss\u00e4 selosteessa kuvatut k\u00e4ytt\u00f6tarkoitukset. Lis\u00e4ksi joitain tietoja voidaan s\u00e4ilytt\u00e4\u00e4 kauemmin niilt\u00e4 osin kuin se on tarpeen laissa asetettujen velvollisuuksien, kuten kirjanpitoa ja kuluttajakauppaa koskevien vastuiden toteuttamiseksi ja niiden asianmukaisen toteuttamisen n\u00e4ytt\u00e4miseksi.<\/p>\n\n\n\n<p>Asiakkaan pyynn\u00f6st\u00e4 h\u00e4nt\u00e4 koskeva henkil\u00f6tieto voidaan poistaa tai anonymisoida hullujuttu.fi -sivuston j\u00e4rjestelmist\u00e4 eik\u00e4 en\u00e4\u00e4 k\u00e4ytet\u00e4 selosteessa lueteltuihin tarkoituksiin.<\/p>\n\n\n\n<p>Osalle tietoa lains\u00e4\u00e4d\u00e4nt\u00f6 asettaa velvoitteita tiedon pidempiaikaiselle tallentamiselle, mm. seuraaviin tarkoituksiin:<\/p>\n\n\n\n<p>Kirjanpitolaki m\u00e4\u00e4rittelee tiedolle pidempi\u00e4 s\u00e4ilytysaikoja riippumatta siit\u00e4 sis\u00e4lt\u00e4\u00e4k\u00f6 aineisto henkil\u00f6tietoja tai ei. J\u00e4rjestelmien lokitietoa ker\u00e4t\u00e4\u00e4n ja s\u00e4ilytet\u00e4\u00e4n lain edellytt\u00e4m\u00e4ll\u00e4 tavalla, jotta voimme tarjota lainmukaisen ja turvallisen verkkokaupan asiakkaillemme. Riitt\u00e4vien varmuuskopioiden ottaminen verkkokaupan tietokannoista ja j\u00e4rjestelmist\u00e4 tietojen turvaamiseksi, virhetilanteiden korjaamiseksi ja tietoturvan sek\u00e4 jatkuvuuden varmentamiseksi<\/p>\n\n\n\n<p><strong>Mink\u00e4laisia oikeuksia minulla on?<\/strong><\/p>\n\n\n\n<ul class=\"wp-block-list\">\n<li>Sinun oikeutesi rekister\u00f6ityn\u00e4 asiakkaana:<\/li>\n\n\n\n<li>Oikeus saada p\u00e4\u00e4sy tietoihin, artikla 15 GDPR.<\/li>\n\n\n\n<li>Oikeus tietojen oikaisemiseen, artikla 16 GDPR<\/li>\n\n\n\n<li>Oikeus tietojen poistamiseen (oikeus tulla unohdetuksi), artikla 17 GDPR<\/li>\n\n\n\n<li>Oikeus k\u00e4sittelyn rajoittamiseen, artikla 18 GDPR. Voit ilmoittaa kirjallisesti Benelifelle milloin tahansa, ett\u00e4 haluat kielt\u00e4\u00e4 henkil\u00f6tietojesi k\u00e4sittelyn jatkamisen; t\u00e4m\u00e4 kuitenkin sill\u00e4 rajoituksella, ett\u00e4 Benelifella s\u00e4ilyy oikeus k\u00e4sitell\u00e4 tietoja sik\u00e4li kuin tarpeellista (esim. laskutustietoja kirjanpitolain nojalla).<\/li>\n\n\n\n<li>Oikeus siirt\u00e4\u00e4 tiedot j\u00e4rjestelm\u00e4st\u00e4 toiseen, artikla 20 GDPR<\/li>\n\n\n\n<li>Vastustamisoikeus, artikla 21 GDPR (katso my\u00f6s kohta \u201d Suostumuksen peruutus ja vastustamisoikeus\u201d j\u00e4ljemp\u00e4n\u00e4).<\/li>\n<\/ul>\n\n\n\n<p>GDPR:n artiklan 22 mukaisesti rekister\u00f6idyll\u00e4 on oikeus olla joutumatta sellaisen p\u00e4\u00e4t\u00f6ksen kohteeksi, joka perustuu pelk\u00e4st\u00e4\u00e4n automaattiseen k\u00e4sittelyyn, kuten profilointiin, ja jolla on h\u00e4nt\u00e4 koskevia oikeusvaikutuksia tai joka vaikuttaa h\u00e4neen vastaavalla tavalla merkitt\u00e4v\u00e4sti. Edell\u00e4 olevaa ei sovelleta, jos p\u00e4\u00e4t\u00f6s:<\/p>\n\n\n\n<ul class=\"wp-block-list\">\n<li>on v\u00e4ltt\u00e4m\u00e4t\u00f6n rekister\u00f6idyn ja rekisterinpit\u00e4j\u00e4n v\u00e4lisen sopimuksen tekemist\u00e4 tai t\u00e4yt\u00e4nt\u00f6\u00f6npanoa varten<\/li>\n\n\n\n<li>on hyv\u00e4ksytty rekisterinpit\u00e4j\u00e4\u00e4n sovellettavassa unionin oikeudessa tai j\u00e4senvaltion lains\u00e4\u00e4d\u00e4nn\u00f6ss\u00e4, jossa vahvistetaan my\u00f6s asianmukaiset toimenpiteet rekister\u00f6idyn oikeuksien ja vapauksien sek\u00e4 oikeutettujen etujen suojaamiseksi; tai<\/li>\n\n\n\n<li>perustuu rekister\u00f6idyn nimenomaiseen suostumukseen<\/li>\n<\/ul>\n\n\n\n<p>Voit tehd\u00e4 oikeuksien k\u00e4ytt\u00e4mist\u00e4 koskevan pyynn\u00f6n ottamalla yhteytt\u00e4 asiakaspalveluumme. Benelife varaa oikeuden pyyt\u00e4\u00e4 asiakasta tunnistautumaan asianmukaisesti ennen yll\u00e4mainittujen pyynt\u00f6jen k\u00e4sittelemist\u00e4.<\/p>\n\n\n\n<p>Jos huomaat, ett\u00e4 k\u00e4sittelyss\u00e4 on puutteita tai se on lainvastaista, sinulla on oikeus tehd\u00e4 asiasta valitus tietosuojaviranomaiselle Art. 77 GDPR.<\/p>\n\n\n\n<p><strong>Tietojenk\u00e4sittelyn oikeusperusteet<\/strong><\/p>\n\n\n\n<p>Tietojenk\u00e4sittelyn oikeusperusteet muodostuvat GDPR:n artikla 6:n mukaisesti, jolloin tietojenk\u00e4sittely tapahtuu p\u00e4\u00e4asiassa suostumuksen perusteella, 6 artiklan 1 kohdan a alakohta GDPR sopimuksen t\u00e4ytt\u00e4miseksi, 6 artiklan 1 kohdan b alakohta GDPR lakis\u00e4\u00e4teisten velvoitteiden t\u00e4ytt\u00e4miseksi, 6 artiklan 1 kohdan c alakohta GDPR ja oikeutettujen etujen suojaamiseksi, 6 artiklan 1 kohdan f alakohta GDPR.<\/p>\n\n\n\n<p><strong>Suostumuksen peruutus ja vastustamisoikeus<\/strong><\/p>\n\n\n\n<p>Sinulla on oikeus peruuttaa antamasi suostumus milloin tahansa ilman ett\u00e4 t\u00e4m\u00e4 vaikuttaisi k\u00e4sittelyn laillisuuteen. Jos suostumus peruutetaan, lopetamme vastaavan tietojenk\u00e4sittelyn.<\/p>\n\n\n\n<p><strong>Oikeutesi peruuttamiseen oikeutettujen etujen tapauksessa<\/strong><\/p>\n\n\n\n<p>GDPR:n artikla 21:n mukaisesti sinulla on oikeus erityisest\u00e4 tilanteestasi johtuen milloin tahansa vastustaa sinua koskevien henkil\u00f6tietojen k\u00e4sittely\u00e4, jotka on ker\u00e4tty GDPR:n 6 artiklan 1 kohdan f alakohdan mukaisesti. Hullujuttu Oy ei saa en\u00e4\u00e4 k\u00e4sitell\u00e4 henkil\u00f6tietoja, paitsi jos voimme osoittaa, ett\u00e4 k\u00e4sittelyyn on olemassa huomattavan t\u00e4rke\u00e4 ja perusteltu syy, joka syrj\u00e4ytt\u00e4\u00e4 rekister\u00f6idyn edut, oikeudet ja vapaudet tai jos se on tarpeen oikeusvaateen laatimiseksi, esitt\u00e4miseksi tai puolustamiseksi.<\/p>\n\n\n\n<p><strong>Kuinka saan tiedon itsest\u00e4ni j\u00e4rjestelm\u00e4\u00e4n tallennetuista tiedoista?<\/strong><\/p>\n\n\n\n<p>Voit pyyt\u00e4\u00e4 j\u00e4rjestelmiin tallennetut tiedot itsellesi ottamalla yhteytt\u00e4 s\u00e4hk\u00f6postitse: info@hullujuttu.fi. K\u00e4sittelemme pyynn\u00f6t 30 p\u00e4iv\u00e4n kuluessa pyynn\u00f6n vastaanottamisesta.<\/p>\n\n\n\n<p><strong>Luovutetaanko henkil\u00f6tietojani kolmansille osapuolille?<\/strong><\/p>\n\n\n\n<p>Emme v\u00e4lit\u00e4 tietoja kolmansille osapuolille.<\/p>\n\n\n\n<p>Asiakas voi rajata tietojen luovuttamista markkinointitarkoituksiin olemalla yhteydess\u00e4 asiakaspalveluun.<\/p>\n\n\n\n<p>Tarvittaessa luovutamme tietoja my\u00f6s viranomaisten pyynn\u00f6st\u00e4. Informoimme tietopyynn\u00f6ist\u00e4 aina my\u00f6s asiakasta, jos se on lain puitteissa sallittua.<\/p>\n\n\n\n<p><strong>K\u00e4ytet\u00e4\u00e4nk\u00f6 verkkokaupan sivuilla ev\u00e4steit\u00e4 ja mit\u00e4 ne ovat?<\/strong><\/p>\n\n\n\n<p>Hullujuttu Oy pyrkii suunnittelemaan verkkosivunsa niin k\u00e4ytt\u00e4j\u00e4yst\u00e4v\u00e4lliseksi ja tehokkaaksi kuin mahdollista. T\u00e4m\u00e4n saavuttamiseksi Hullujuttu Oy k\u00e4ytt\u00e4\u00e4 ev\u00e4steit\u00e4 (cookies). Sivustolla k\u00e4ytet\u00e4\u00e4n vain sivuston k\u00e4yt\u00f6n kannalta v\u00e4ltt\u00e4m\u00e4tt\u00f6mi\u00e4 ev\u00e4steit\u00e4, joita ei voi ottaa pois k\u00e4yt\u00f6st\u00e4 sivuston toiminnan turvaamiseksi. Palvelimen asettamat ev\u00e4steet s\u00e4ilyv\u00e4t selaimessa 30 p\u00e4iv\u00e4\u00e4. Sivustolla ei k\u00e4ytet\u00e4 ev\u00e4steit\u00e4, jotka ker\u00e4isiv\u00e4t henkil\u00f6kohtaista dataa tai joita k\u00e4ytett\u00e4isiin esim. markkinointiin.<\/p>\n\n\n\n<p><strong>Voidaanko t\u00e4t\u00e4 tietosuojaselostetta muuttaa?<\/strong><\/p>\n\n\n\n<p>Palveluiden kehityksen ja lains\u00e4\u00e4d\u00e4nn\u00f6n muutosten johdosta pid\u00e4t\u00e4mme oikeuden muuttaa tietosuojaselostetta. Merkitt\u00e4vist\u00e4 muutoksista tietosuojaselosteeseen ilmoitetaan rekister\u00f6ityneille asiakkaille ehtojen p\u00e4ivityksen yhteydess\u00e4.<\/p>\n\n\n\n<p>T\u00e4m\u00e4 tietosuojaseloste korvaa aikaisemman Tietosuojaselosteen.<\/p>\n\n\n\n<p><strong>Mihin voin ottaa yhteytt\u00e4?<\/strong><br>Voit ottaa yhteytt\u00e4 tietosuojaselosteeseen liittyviss\u00e4 kysymyksiss\u00e4:<br>s\u00e4hk\u00f6postilla: info@hullujuttu.fi<\/p>\n\n\n\n<p><\/p>\n","protected":false},"excerpt":{"rendered":"<p>Hullujuttu.fi -sivuston tietosuojaseloste on laadittu, jotta voit varmistua siit\u00e4, ett\u00e4 sivusto k\u00e4sittelee kuviasi ja henkil\u00f6tietojasi asianmukaisesti. Kukin asiakas on tietosuoja-asetuksessa m\u00e4\u00e4ritetty rekister\u00f6ity. Asiakkaan on hyv\u00e4ksytt\u00e4v\u00e4 t\u00e4m\u00e4n tietosuojaselosteen ehdot k\u00e4ytt\u00e4\u00e4kseen hullujuttu.fi -sivuston palveluja. T\u00e4m\u00e4 asiakirja kuvaa, mit\u00e4 henkil\u00f6tietoja (eli tietoja, jotka liittyv\u00e4t tiettyihin henkil\u00f6ihin tai joiden avulla voi tunnistaa tietyn henkil\u00f6n) hullujuttu.fi ker\u00e4\u00e4, kun asiakas vierailee [&hellip;]<\/p>\n","protected":false},"author":1,"featured_media":0,"parent":0,"menu_order":0,"comment_status":"closed","ping_status":"closed","template":"","meta":{"footnotes":""},"class_list":["post-87","page","type-page","status-publish","hentry"],"yoast_head":"<!-- This site is optimized with the Yoast SEO plugin v27.6 - https:\/\/yoast.com\/product\/yoast-seo-wordpress\/ -->\n<title>Rekisteri- ja tietosuojaseloste - Hullujuttu<\/title>\n<meta name=\"robots\" content=\"index, follow, max-snippet:-1, max-image-preview:large, max-video-preview:-1\" \/>\n<link rel=\"canonical\" href=\"https:\/\/hullujuttu.fi\/?page_id=87\" \/>\n<meta property=\"og:locale\" content=\"fi_FI\" \/>\n<meta property=\"og:type\" content=\"article\" \/>\n<meta property=\"og:title\" content=\"Rekisteri- ja tietosuojaseloste - Hullujuttu\" \/>\n<meta property=\"og:description\" content=\"Hullujuttu.fi -sivuston tietosuojaseloste on laadittu, jotta voit varmistua siit\u00e4, ett\u00e4 sivusto k\u00e4sittelee kuviasi ja henkil\u00f6tietojasi asianmukaisesti. Kukin asiakas on tietosuoja-asetuksessa m\u00e4\u00e4ritetty rekister\u00f6ity. Asiakkaan on hyv\u00e4ksytt\u00e4v\u00e4 t\u00e4m\u00e4n tietosuojaselosteen ehdot k\u00e4ytt\u00e4\u00e4kseen hullujuttu.fi -sivuston palveluja. T\u00e4m\u00e4 asiakirja kuvaa, mit\u00e4 henkil\u00f6tietoja (eli tietoja, jotka liittyv\u00e4t tiettyihin henkil\u00f6ihin tai joiden avulla voi tunnistaa tietyn henkil\u00f6n) hullujuttu.fi ker\u00e4\u00e4, kun asiakas vierailee [&hellip;]\" \/>\n<meta property=\"og:url\" content=\"https:\/\/hullujuttu.fi\/?page_id=87\" \/>\n<meta property=\"og:site_name\" content=\"Hullujuttu\" \/>\n<meta property=\"article:publisher\" content=\"https:\/\/www.facebook.com\/profile.php?id=61576895710394\" \/>\n<meta property=\"article:modified_time\" content=\"2025-06-08T16:05:33+00:00\" \/>\n<meta name=\"twitter:card\" content=\"summary_large_image\" \/>\n<meta name=\"twitter:label1\" content=\"Arvioitu lukuaika\" \/>\n\t<meta name=\"twitter:data1\" content=\"5 minuuttia\" \/>\n<script type=\"application\/ld+json\" class=\"yoast-schema-graph\">{\"@context\":\"https:\\\/\\\/schema.org\",\"@graph\":[{\"@type\":\"WebPage\",\"@id\":\"https:\\\/\\\/hullujuttu.fi\\\/?page_id=87\",\"url\":\"https:\\\/\\\/hullujuttu.fi\\\/?page_id=87\",\"name\":\"Rekisteri- ja tietosuojaseloste - Hullujuttu\",\"isPartOf\":{\"@id\":\"https:\\\/\\\/hullujuttu.fi\\\/#website\"},\"datePublished\":\"2025-06-01T15:43:01+00:00\",\"dateModified\":\"2025-06-08T16:05:33+00:00\",\"breadcrumb\":{\"@id\":\"https:\\\/\\\/hullujuttu.fi\\\/?page_id=87#breadcrumb\"},\"inLanguage\":\"fi\",\"potentialAction\":[{\"@type\":\"ReadAction\",\"target\":[\"https:\\\/\\\/hullujuttu.fi\\\/?page_id=87\"]}]},{\"@type\":\"BreadcrumbList\",\"@id\":\"https:\\\/\\\/hullujuttu.fi\\\/?page_id=87#breadcrumb\",\"itemListElement\":[{\"@type\":\"ListItem\",\"position\":1,\"name\":\"Etusivu\",\"item\":\"https:\\\/\\\/hullujuttu.fi\\\/\"},{\"@type\":\"ListItem\",\"position\":2,\"name\":\"Rekisteri- ja tietosuojaseloste\"}]},{\"@type\":\"WebSite\",\"@id\":\"https:\\\/\\\/hullujuttu.fi\\\/#website\",\"url\":\"https:\\\/\\\/hullujuttu.fi\\\/\",\"name\":\"Hullujuttu\",\"description\":\"Yksil&ouml;llisi&auml; ja massasta erottuvia laserkaiverrust&ouml;it&auml;.\",\"publisher\":{\"@id\":\"https:\\\/\\\/hullujuttu.fi\\\/#organization\"},\"potentialAction\":[{\"@type\":\"SearchAction\",\"target\":{\"@type\":\"EntryPoint\",\"urlTemplate\":\"https:\\\/\\\/hullujuttu.fi\\\/?s={search_term_string}\"},\"query-input\":{\"@type\":\"PropertyValueSpecification\",\"valueRequired\":true,\"valueName\":\"search_term_string\"}}],\"inLanguage\":\"fi\"},{\"@type\":\"Organization\",\"@id\":\"https:\\\/\\\/hullujuttu.fi\\\/#organization\",\"name\":\"Hullujuttu\",\"url\":\"https:\\\/\\\/hullujuttu.fi\\\/\",\"logo\":{\"@type\":\"ImageObject\",\"inLanguage\":\"fi\",\"@id\":\"https:\\\/\\\/hullujuttu.fi\\\/#\\\/schema\\\/logo\\\/image\\\/\",\"url\":\"https:\\\/\\\/hullujuttu.fi\\\/wp-content\\\/uploads\\\/2025\\\/05\\\/cropped-Hullujuttu-logoehdotus-2-iso-1.jpg\",\"contentUrl\":\"https:\\\/\\\/hullujuttu.fi\\\/wp-content\\\/uploads\\\/2025\\\/05\\\/cropped-Hullujuttu-logoehdotus-2-iso-1.jpg\",\"width\":512,\"height\":512,\"caption\":\"Hullujuttu\"},\"image\":{\"@id\":\"https:\\\/\\\/hullujuttu.fi\\\/#\\\/schema\\\/logo\\\/image\\\/\"},\"sameAs\":[\"https:\\\/\\\/www.facebook.com\\\/profile.php?id=61576895710394\"]}]}<\/script>\n<!-- \/ Yoast SEO plugin. -->","yoast_head_json":{"title":"Rekisteri- ja tietosuojaseloste - Hullujuttu","robots":{"index":"index","follow":"follow","max-snippet":"max-snippet:-1","max-image-preview":"max-image-preview:large","max-video-preview":"max-video-preview:-1"},"canonical":"https:\/\/hullujuttu.fi\/?page_id=87","og_locale":"fi_FI","og_type":"article","og_title":"Rekisteri- ja tietosuojaseloste - Hullujuttu","og_description":"Hullujuttu.fi -sivuston tietosuojaseloste on laadittu, jotta voit varmistua siit\u00e4, ett\u00e4 sivusto k\u00e4sittelee kuviasi ja henkil\u00f6tietojasi asianmukaisesti. Kukin asiakas on tietosuoja-asetuksessa m\u00e4\u00e4ritetty rekister\u00f6ity. Asiakkaan on hyv\u00e4ksytt\u00e4v\u00e4 t\u00e4m\u00e4n tietosuojaselosteen ehdot k\u00e4ytt\u00e4\u00e4kseen hullujuttu.fi -sivuston palveluja. T\u00e4m\u00e4 asiakirja kuvaa, mit\u00e4 henkil\u00f6tietoja (eli tietoja, jotka liittyv\u00e4t tiettyihin henkil\u00f6ihin tai joiden avulla voi tunnistaa tietyn henkil\u00f6n) hullujuttu.fi ker\u00e4\u00e4, kun asiakas vierailee [&hellip;]","og_url":"https:\/\/hullujuttu.fi\/?page_id=87","og_site_name":"Hullujuttu","article_publisher":"https:\/\/www.facebook.com\/profile.php?id=61576895710394","article_modified_time":"2025-06-08T16:05:33+00:00","twitter_card":"summary_large_image","twitter_misc":{"Arvioitu lukuaika":"5 minuuttia"},"schema":{"@context":"https:\/\/schema.org","@graph":[{"@type":"WebPage","@id":"https:\/\/hullujuttu.fi\/?page_id=87","url":"https:\/\/hullujuttu.fi\/?page_id=87","name":"Rekisteri- ja tietosuojaseloste - Hullujuttu","isPartOf":{"@id":"https:\/\/hullujuttu.fi\/#website"},"datePublished":"2025-06-01T15:43:01+00:00","dateModified":"2025-06-08T16:05:33+00:00","breadcrumb":{"@id":"https:\/\/hullujuttu.fi\/?page_id=87#breadcrumb"},"inLanguage":"fi","potentialAction":[{"@type":"ReadAction","target":["https:\/\/hullujuttu.fi\/?page_id=87"]}]},{"@type":"BreadcrumbList","@id":"https:\/\/hullujuttu.fi\/?page_id=87#breadcrumb","itemListElement":[{"@type":"ListItem","position":1,"name":"Etusivu","item":"https:\/\/hullujuttu.fi\/"},{"@type":"ListItem","position":2,"name":"Rekisteri- ja tietosuojaseloste"}]},{"@type":"WebSite","@id":"https:\/\/hullujuttu.fi\/#website","url":"https:\/\/hullujuttu.fi\/","name":"Hullujuttu","description":"Yksil&ouml;llisi&auml; ja massasta erottuvia laserkaiverrust&ouml;it&auml;.","publisher":{"@id":"https:\/\/hullujuttu.fi\/#organization"},"potentialAction":[{"@type":"SearchAction","target":{"@type":"EntryPoint","urlTemplate":"https:\/\/hullujuttu.fi\/?s={search_term_string}"},"query-input":{"@type":"PropertyValueSpecification","valueRequired":true,"valueName":"search_term_string"}}],"inLanguage":"fi"},{"@type":"Organization","@id":"https:\/\/hullujuttu.fi\/#organization","name":"Hullujuttu","url":"https:\/\/hullujuttu.fi\/","logo":{"@type":"ImageObject","inLanguage":"fi","@id":"https:\/\/hullujuttu.fi\/#\/schema\/logo\/image\/","url":"https:\/\/hullujuttu.fi\/wp-content\/uploads\/2025\/05\/cropped-Hullujuttu-logoehdotus-2-iso-1.jpg","contentUrl":"https:\/\/hullujuttu.fi\/wp-content\/uploads\/2025\/05\/cropped-Hullujuttu-logoehdotus-2-iso-1.jpg","width":512,"height":512,"caption":"Hullujuttu"},"image":{"@id":"https:\/\/hullujuttu.fi\/#\/schema\/logo\/image\/"},"sameAs":["https:\/\/www.facebook.com\/profile.php?id=61576895710394"]}]}},"_links":{"self":[{"href":"https:\/\/hullujuttu.fi\/index.php?rest_route=\/wp\/v2\/pages\/87","targetHints":{"allow":["GET"]}}],"collection":[{"href":"https:\/\/hullujuttu.fi\/index.php?rest_route=\/wp\/v2\/pages"}],"about":[{"href":"https:\/\/hullujuttu.fi\/index.php?rest_route=\/wp\/v2\/types\/page"}],"author":[{"embeddable":true,"href":"https:\/\/hullujuttu.fi\/index.php?rest_route=\/wp\/v2\/users\/1"}],"replies":[{"embeddable":true,"href":"https:\/\/hullujuttu.fi\/index.php?rest_route=%2Fwp%2Fv2%2Fcomments&post=87"}],"version-history":[{"count":4,"href":"https:\/\/hullujuttu.fi\/index.php?rest_route=\/wp\/v2\/pages\/87\/revisions"}],"predecessor-version":[{"id":178,"href":"https:\/\/hullujuttu.fi\/index.php?rest_route=\/wp\/v2\/pages\/87\/revisions\/178"}],"wp:attachment":[{"href":"https:\/\/hullujuttu.fi\/index.php?rest_route=%2Fwp%2Fv2%2Fmedia&parent=87"}],"curies":[{"name":"wp","href":"https:\/\/api.w.org\/{rel}","templated":true}]}}