{"id":81,"date":"2025-06-01T19:15:33","date_gmt":"2025-06-01T16:15:33","guid":{"rendered":"https:\/\/hullujuttu.fi\/?page_id=81"},"modified":"2025-06-07T21:11:24","modified_gmt":"2025-06-07T18:11:24","slug":"galleria-tuotteista","status":"publish","type":"page","link":"https:\/\/hullujuttu.fi\/?page_id=81","title":{"rendered":"Galleria tuotteista"},"content":{"rendered":"\n<div class=\"wp-block-stackable-divider stk-block-divider stk-block stk-e0efaed\" data-block-id=\"e0efaed\"><style>.stk-e0efaed {margin-bottom:30px !important;}<\/style><hr class=\"stk-block-divider__hr\"\/><\/div>\n\n\n\n<figure class=\"wp-block-gallery has-nested-images columns-default is-cropped wp-block-gallery-1 is-layout-flex wp-block-gallery-is-layout-flex\">\n<figure class=\"wp-block-image size-large\"><img loading=\"lazy\" decoding=\"async\" width=\"749\" height=\"594\" data-id=\"29\" src=\"https:\/\/hullujuttu.fi\/wp-content\/uploads\/2025\/05\/Bella-2.jpg\" alt=\"\" class=\"wp-image-29\" srcset=\"https:\/\/hullujuttu.fi\/wp-content\/uploads\/2025\/05\/Bella-2.jpg 749w, https:\/\/hullujuttu.fi\/wp-content\/uploads\/2025\/05\/Bella-2-300x238.jpg 300w\" sizes=\"auto, (max-width: 749px) 100vw, 749px\" \/><\/figure>\n\n\n\n<figure class=\"wp-block-image size-large\"><img loading=\"lazy\" decoding=\"async\" width=\"408\" height=\"324\" data-id=\"32\" src=\"https:\/\/hullujuttu.fi\/wp-content\/uploads\/2025\/05\/Bella-kyltti-valmis.jpg\" alt=\"Staffordshire\" class=\"wp-image-32\" srcset=\"https:\/\/hullujuttu.fi\/wp-content\/uploads\/2025\/05\/Bella-kyltti-valmis.jpg 408w, https:\/\/hullujuttu.fi\/wp-content\/uploads\/2025\/05\/Bella-kyltti-valmis-300x238.jpg 300w\" sizes=\"auto, (max-width: 408px) 100vw, 408px\" \/><\/figure>\n<\/figure>\n\n\n\n<h2 class=\"wp-block-heading\">Bella-koiran muotokuva valkoiselle mdf-pohjalle<\/h2>\n\n\n\n<div class=\"wp-block-stackable-divider stk-block-divider stk-block stk-a0236a1\" data-block-id=\"a0236a1\"><style>.stk-a0236a1 {margin-bottom:30px !important;}<\/style><hr class=\"stk-block-divider__hr\"\/><\/div>\n\n\n\n<figure class=\"wp-block-gallery has-nested-images columns-default is-cropped wp-block-gallery-2 is-layout-flex wp-block-gallery-is-layout-flex\">\n<figure class=\"wp-block-image size-large\"><img loading=\"lazy\" decoding=\"async\" width=\"1536\" height=\"1024\" data-id=\"27\" src=\"https:\/\/hullujuttu.fi\/wp-content\/uploads\/2025\/05\/Thunderbird-59-V.png\" alt=\"\" class=\"wp-image-27\" srcset=\"https:\/\/hullujuttu.fi\/wp-content\/uploads\/2025\/05\/Thunderbird-59-V.png 1536w, https:\/\/hullujuttu.fi\/wp-content\/uploads\/2025\/05\/Thunderbird-59-V-300x200.png 300w\" sizes=\"auto, (max-width: 1536px) 100vw, 1536px\" \/><\/figure>\n\n\n\n<figure class=\"wp-block-image size-large\"><img loading=\"lazy\" decoding=\"async\" width=\"456\" height=\"374\" data-id=\"33\" src=\"https:\/\/hullujuttu.fi\/wp-content\/uploads\/2025\/05\/Thunderbird-kyltti-2.jpg\" alt=\"Amerikanauto 1950-luku\" class=\"wp-image-33\" srcset=\"https:\/\/hullujuttu.fi\/wp-content\/uploads\/2025\/05\/Thunderbird-kyltti-2.jpg 456w, https:\/\/hullujuttu.fi\/wp-content\/uploads\/2025\/05\/Thunderbird-kyltti-2-300x246.jpg 300w\" sizes=\"auto, (max-width: 456px) 100vw, 456px\" \/><\/figure>\n<\/figure>\n\n\n\n<h2 class=\"wp-block-heading\">1959 Thunderbirdist\u00e4 tekninen tietotaulu vanerille<\/h2>\n\n\n\n<div class=\"wp-block-stackable-divider stk-block-divider stk-block stk-aa8c167\" data-block-id=\"aa8c167\"><style>.stk-aa8c167 {margin-bottom:30px !important;}<\/style><hr class=\"stk-block-divider__hr\"\/><\/div>\n\n\n\n<figure class=\"wp-block-gallery has-nested-images columns-default is-cropped wp-block-gallery-3 is-layout-flex wp-block-gallery-is-layout-flex\">\n<figure class=\"wp-block-image size-large\"><img loading=\"lazy\" decoding=\"async\" width=\"450\" height=\"465\" data-id=\"61\" src=\"https:\/\/hullujuttu.fi\/wp-content\/uploads\/2025\/06\/Hilla-avaimenpera.jpg\" alt=\"\" class=\"wp-image-61\" srcset=\"https:\/\/hullujuttu.fi\/wp-content\/uploads\/2025\/06\/Hilla-avaimenpera.jpg 450w, https:\/\/hullujuttu.fi\/wp-content\/uploads\/2025\/06\/Hilla-avaimenpera-290x300.jpg 290w\" sizes=\"auto, (max-width: 450px) 100vw, 450px\" \/><\/figure>\n\n\n\n<figure class=\"wp-block-image size-large\"><img loading=\"lazy\" decoding=\"async\" width=\"515\" height=\"477\" data-id=\"60\" src=\"https:\/\/hullujuttu.fi\/wp-content\/uploads\/2025\/06\/Avaimenperat.jpg\" alt=\"\" class=\"wp-image-60\" srcset=\"https:\/\/hullujuttu.fi\/wp-content\/uploads\/2025\/06\/Avaimenperat.jpg 515w, https:\/\/hullujuttu.fi\/wp-content\/uploads\/2025\/06\/Avaimenperat-300x278.jpg 300w\" sizes=\"auto, (max-width: 515px) 100vw, 515px\" \/><\/figure>\n<\/figure>\n\n\n\n<h2 class=\"wp-block-heading\">Erilaisia avaimenperi\u00e4 omilla kuvilla tai teksteill\u00e4<\/h2>\n\n\n\n<figure class=\"wp-block-gallery has-nested-images columns-default is-cropped wp-block-gallery-4 is-layout-flex wp-block-gallery-is-layout-flex\">\n<figure class=\"wp-block-image size-large\"><img loading=\"lazy\" decoding=\"async\" width=\"480\" height=\"640\" data-id=\"30\" src=\"https:\/\/hullujuttu.fi\/wp-content\/uploads\/2025\/05\/Oreo-2023.jpg\" alt=\"\" class=\"wp-image-30\" srcset=\"https:\/\/hullujuttu.fi\/wp-content\/uploads\/2025\/05\/Oreo-2023.jpg 480w, https:\/\/hullujuttu.fi\/wp-content\/uploads\/2025\/05\/Oreo-2023-225x300.jpg 225w\" sizes=\"auto, (max-width: 480px) 100vw, 480px\" \/><\/figure>\n\n\n\n<figure class=\"wp-block-image size-large\"><img loading=\"lazy\" decoding=\"async\" width=\"480\" height=\"640\" data-id=\"135\" src=\"https:\/\/hullujuttu.fi\/wp-content\/uploads\/2025\/06\/Oreo--rotated.jpg\" alt=\"\" class=\"wp-image-135\" srcset=\"https:\/\/hullujuttu.fi\/wp-content\/uploads\/2025\/06\/Oreo--rotated.jpg 480w, https:\/\/hullujuttu.fi\/wp-content\/uploads\/2025\/06\/Oreo--225x300.jpg 225w\" sizes=\"auto, (max-width: 480px) 100vw, 480px\" \/><\/figure>\n<\/figure>\n\n\n\n<h2 class=\"wp-block-heading\">Oreo-koiran muotokuva puupohjalla, kyltti 15&#215;10 cm<\/h2>\n\n\n\n<figure class=\"wp-block-gallery has-nested-images columns-default is-cropped wp-block-gallery-5 is-layout-flex wp-block-gallery-is-layout-flex\">\n<figure class=\"wp-block-image size-large\"><img loading=\"lazy\" decoding=\"async\" width=\"943\" height=\"519\" data-id=\"153\" src=\"https:\/\/hullujuttu.fi\/wp-content\/uploads\/2025\/06\/Kyltti-Siiri.jpg\" alt=\"\" class=\"wp-image-153\" srcset=\"https:\/\/hullujuttu.fi\/wp-content\/uploads\/2025\/06\/Kyltti-Siiri.jpg 943w, https:\/\/hullujuttu.fi\/wp-content\/uploads\/2025\/06\/Kyltti-Siiri-300x165.jpg 300w, https:\/\/hullujuttu.fi\/wp-content\/uploads\/2025\/06\/Kyltti-Siiri-768x423.jpg 768w\" sizes=\"auto, (max-width: 943px) 100vw, 943px\" \/><\/figure>\n\n\n\n<figure class=\"wp-block-image size-large\"><img loading=\"lazy\" decoding=\"async\" width=\"631\" height=\"203\" data-id=\"119\" src=\"https:\/\/hullujuttu.fi\/wp-content\/uploads\/2025\/06\/Hilla-kyltti.jpg\" alt=\"\" class=\"wp-image-119\" srcset=\"https:\/\/hullujuttu.fi\/wp-content\/uploads\/2025\/06\/Hilla-kyltti.jpg 631w, https:\/\/hullujuttu.fi\/wp-content\/uploads\/2025\/06\/Hilla-kyltti-300x97.jpg 300w\" sizes=\"auto, (max-width: 631px) 100vw, 631px\" \/><\/figure>\n<\/figure>\n\n\n\n<h2 class=\"wp-block-heading\">Ylioppilasjuhlien opastekyltti: musta akryylimuovileikkaus valkoisella mdf pohjalla, sek\u00e4 koristekyltti Hilla-koiralle<\/h2>\n","protected":false},"excerpt":{"rendered":"<p>Bella-koiran muotokuva valkoiselle mdf-pohjalle 1959 Thunderbirdist\u00e4 tekninen tietotaulu vanerille Erilaisia avaimenperi\u00e4 omilla kuvilla tai teksteill\u00e4 Oreo-koiran muotokuva puupohjalla, kyltti 15&#215;10 cm Ylioppilasjuhlien opastekyltti: musta akryylimuovileikkaus valkoisella mdf pohjalla, sek\u00e4 koristekyltti Hilla-koiralle<\/p>\n","protected":false},"author":1,"featured_media":0,"parent":0,"menu_order":0,"comment_status":"closed","ping_status":"closed","template":"","meta":{"footnotes":""},"class_list":["post-81","page","type-page","status-publish","hentry"],"yoast_head":"<!-- This site is optimized with the Yoast SEO plugin v27.6 - https:\/\/yoast.com\/product\/yoast-seo-wordpress\/ -->\n<title>Galleria tuotteista - Hullujuttu<\/title>\n<meta name=\"robots\" content=\"index, follow, max-snippet:-1, max-image-preview:large, max-video-preview:-1\" \/>\n<link rel=\"canonical\" href=\"https:\/\/hullujuttu.fi\/?page_id=81\" \/>\n<meta property=\"og:locale\" content=\"fi_FI\" \/>\n<meta property=\"og:type\" content=\"article\" \/>\n<meta property=\"og:title\" content=\"Galleria tuotteista - Hullujuttu\" \/>\n<meta property=\"og:description\" content=\"Bella-koiran muotokuva valkoiselle mdf-pohjalle 1959 Thunderbirdist\u00e4 tekninen tietotaulu vanerille Erilaisia avaimenperi\u00e4 omilla kuvilla tai teksteill\u00e4 Oreo-koiran muotokuva puupohjalla, kyltti 15&#215;10 cm Ylioppilasjuhlien opastekyltti: musta akryylimuovileikkaus valkoisella mdf pohjalla, sek\u00e4 koristekyltti Hilla-koiralle\" \/>\n<meta property=\"og:url\" content=\"https:\/\/hullujuttu.fi\/?page_id=81\" \/>\n<meta property=\"og:site_name\" content=\"Hullujuttu\" \/>\n<meta property=\"article:publisher\" content=\"https:\/\/www.facebook.com\/profile.php?id=61576895710394\" \/>\n<meta property=\"article:modified_time\" content=\"2025-06-07T18:11:24+00:00\" \/>\n<meta property=\"og:image\" content=\"https:\/\/hullujuttu.fi\/wp-content\/uploads\/2025\/05\/Bella-2.jpg\" \/>\n<meta name=\"twitter:card\" content=\"summary_large_image\" \/>\n<script type=\"application\/ld+json\" class=\"yoast-schema-graph\">{\"@context\":\"https:\\\/\\\/schema.org\",\"@graph\":[{\"@type\":\"WebPage\",\"@id\":\"https:\\\/\\\/hullujuttu.fi\\\/?page_id=81\",\"url\":\"https:\\\/\\\/hullujuttu.fi\\\/?page_id=81\",\"name\":\"Galleria tuotteista - Hullujuttu\",\"isPartOf\":{\"@id\":\"https:\\\/\\\/hullujuttu.fi\\\/#website\"},\"primaryImageOfPage\":{\"@id\":\"https:\\\/\\\/hullujuttu.fi\\\/?page_id=81#primaryimage\"},\"image\":{\"@id\":\"https:\\\/\\\/hullujuttu.fi\\\/?page_id=81#primaryimage\"},\"thumbnailUrl\":\"https:\\\/\\\/hullujuttu.fi\\\/wp-content\\\/uploads\\\/2025\\\/05\\\/Bella-2.jpg\",\"datePublished\":\"2025-06-01T16:15:33+00:00\",\"dateModified\":\"2025-06-07T18:11:24+00:00\",\"breadcrumb\":{\"@id\":\"https:\\\/\\\/hullujuttu.fi\\\/?page_id=81#breadcrumb\"},\"inLanguage\":\"fi\",\"potentialAction\":[{\"@type\":\"ReadAction\",\"target\":[\"https:\\\/\\\/hullujuttu.fi\\\/?page_id=81\"]}]},{\"@type\":\"ImageObject\",\"inLanguage\":\"fi\",\"@id\":\"https:\\\/\\\/hullujuttu.fi\\\/?page_id=81#primaryimage\",\"url\":\"https:\\\/\\\/hullujuttu.fi\\\/wp-content\\\/uploads\\\/2025\\\/05\\\/Bella-2.jpg\",\"contentUrl\":\"https:\\\/\\\/hullujuttu.fi\\\/wp-content\\\/uploads\\\/2025\\\/05\\\/Bella-2.jpg\",\"width\":749,\"height\":594},{\"@type\":\"BreadcrumbList\",\"@id\":\"https:\\\/\\\/hullujuttu.fi\\\/?page_id=81#breadcrumb\",\"itemListElement\":[{\"@type\":\"ListItem\",\"position\":1,\"name\":\"Etusivu\",\"item\":\"https:\\\/\\\/hullujuttu.fi\\\/\"},{\"@type\":\"ListItem\",\"position\":2,\"name\":\"Galleria tuotteista\"}]},{\"@type\":\"WebSite\",\"@id\":\"https:\\\/\\\/hullujuttu.fi\\\/#website\",\"url\":\"https:\\\/\\\/hullujuttu.fi\\\/\",\"name\":\"Hullujuttu\",\"description\":\"Yksil&ouml;llisi&auml; ja massasta erottuvia laserkaiverrust&ouml;it&auml;.\",\"publisher\":{\"@id\":\"https:\\\/\\\/hullujuttu.fi\\\/#organization\"},\"potentialAction\":[{\"@type\":\"SearchAction\",\"target\":{\"@type\":\"EntryPoint\",\"urlTemplate\":\"https:\\\/\\\/hullujuttu.fi\\\/?s={search_term_string}\"},\"query-input\":{\"@type\":\"PropertyValueSpecification\",\"valueRequired\":true,\"valueName\":\"search_term_string\"}}],\"inLanguage\":\"fi\"},{\"@type\":\"Organization\",\"@id\":\"https:\\\/\\\/hullujuttu.fi\\\/#organization\",\"name\":\"Hullujuttu\",\"url\":\"https:\\\/\\\/hullujuttu.fi\\\/\",\"logo\":{\"@type\":\"ImageObject\",\"inLanguage\":\"fi\",\"@id\":\"https:\\\/\\\/hullujuttu.fi\\\/#\\\/schema\\\/logo\\\/image\\\/\",\"url\":\"https:\\\/\\\/hullujuttu.fi\\\/wp-content\\\/uploads\\\/2025\\\/05\\\/cropped-Hullujuttu-logoehdotus-2-iso-1.jpg\",\"contentUrl\":\"https:\\\/\\\/hullujuttu.fi\\\/wp-content\\\/uploads\\\/2025\\\/05\\\/cropped-Hullujuttu-logoehdotus-2-iso-1.jpg\",\"width\":512,\"height\":512,\"caption\":\"Hullujuttu\"},\"image\":{\"@id\":\"https:\\\/\\\/hullujuttu.fi\\\/#\\\/schema\\\/logo\\\/image\\\/\"},\"sameAs\":[\"https:\\\/\\\/www.facebook.com\\\/profile.php?id=61576895710394\"]}]}<\/script>\n<!-- \/ Yoast SEO plugin. -->","yoast_head_json":{"title":"Galleria tuotteista - Hullujuttu","robots":{"index":"index","follow":"follow","max-snippet":"max-snippet:-1","max-image-preview":"max-image-preview:large","max-video-preview":"max-video-preview:-1"},"canonical":"https:\/\/hullujuttu.fi\/?page_id=81","og_locale":"fi_FI","og_type":"article","og_title":"Galleria tuotteista - Hullujuttu","og_description":"Bella-koiran muotokuva valkoiselle mdf-pohjalle 1959 Thunderbirdist\u00e4 tekninen tietotaulu vanerille Erilaisia avaimenperi\u00e4 omilla kuvilla tai teksteill\u00e4 Oreo-koiran muotokuva puupohjalla, kyltti 15&#215;10 cm Ylioppilasjuhlien opastekyltti: musta akryylimuovileikkaus valkoisella mdf pohjalla, sek\u00e4 koristekyltti Hilla-koiralle","og_url":"https:\/\/hullujuttu.fi\/?page_id=81","og_site_name":"Hullujuttu","article_publisher":"https:\/\/www.facebook.com\/profile.php?id=61576895710394","article_modified_time":"2025-06-07T18:11:24+00:00","og_image":[{"url":"https:\/\/hullujuttu.fi\/wp-content\/uploads\/2025\/05\/Bella-2.jpg","type":"","width":"","height":""}],"twitter_card":"summary_large_image","schema":{"@context":"https:\/\/schema.org","@graph":[{"@type":"WebPage","@id":"https:\/\/hullujuttu.fi\/?page_id=81","url":"https:\/\/hullujuttu.fi\/?page_id=81","name":"Galleria tuotteista - Hullujuttu","isPartOf":{"@id":"https:\/\/hullujuttu.fi\/#website"},"primaryImageOfPage":{"@id":"https:\/\/hullujuttu.fi\/?page_id=81#primaryimage"},"image":{"@id":"https:\/\/hullujuttu.fi\/?page_id=81#primaryimage"},"thumbnailUrl":"https:\/\/hullujuttu.fi\/wp-content\/uploads\/2025\/05\/Bella-2.jpg","datePublished":"2025-06-01T16:15:33+00:00","dateModified":"2025-06-07T18:11:24+00:00","breadcrumb":{"@id":"https:\/\/hullujuttu.fi\/?page_id=81#breadcrumb"},"inLanguage":"fi","potentialAction":[{"@type":"ReadAction","target":["https:\/\/hullujuttu.fi\/?page_id=81"]}]},{"@type":"ImageObject","inLanguage":"fi","@id":"https:\/\/hullujuttu.fi\/?page_id=81#primaryimage","url":"https:\/\/hullujuttu.fi\/wp-content\/uploads\/2025\/05\/Bella-2.jpg","contentUrl":"https:\/\/hullujuttu.fi\/wp-content\/uploads\/2025\/05\/Bella-2.jpg","width":749,"height":594},{"@type":"BreadcrumbList","@id":"https:\/\/hullujuttu.fi\/?page_id=81#breadcrumb","itemListElement":[{"@type":"ListItem","position":1,"name":"Etusivu","item":"https:\/\/hullujuttu.fi\/"},{"@type":"ListItem","position":2,"name":"Galleria tuotteista"}]},{"@type":"WebSite","@id":"https:\/\/hullujuttu.fi\/#website","url":"https:\/\/hullujuttu.fi\/","name":"Hullujuttu","description":"Yksil&ouml;llisi&auml; ja massasta erottuvia laserkaiverrust&ouml;it&auml;.","publisher":{"@id":"https:\/\/hullujuttu.fi\/#organization"},"potentialAction":[{"@type":"SearchAction","target":{"@type":"EntryPoint","urlTemplate":"https:\/\/hullujuttu.fi\/?s={search_term_string}"},"query-input":{"@type":"PropertyValueSpecification","valueRequired":true,"valueName":"search_term_string"}}],"inLanguage":"fi"},{"@type":"Organization","@id":"https:\/\/hullujuttu.fi\/#organization","name":"Hullujuttu","url":"https:\/\/hullujuttu.fi\/","logo":{"@type":"ImageObject","inLanguage":"fi","@id":"https:\/\/hullujuttu.fi\/#\/schema\/logo\/image\/","url":"https:\/\/hullujuttu.fi\/wp-content\/uploads\/2025\/05\/cropped-Hullujuttu-logoehdotus-2-iso-1.jpg","contentUrl":"https:\/\/hullujuttu.fi\/wp-content\/uploads\/2025\/05\/cropped-Hullujuttu-logoehdotus-2-iso-1.jpg","width":512,"height":512,"caption":"Hullujuttu"},"image":{"@id":"https:\/\/hullujuttu.fi\/#\/schema\/logo\/image\/"},"sameAs":["https:\/\/www.facebook.com\/profile.php?id=61576895710394"]}]}},"_links":{"self":[{"href":"https:\/\/hullujuttu.fi\/index.php?rest_route=\/wp\/v2\/pages\/81","targetHints":{"allow":["GET"]}}],"collection":[{"href":"https:\/\/hullujuttu.fi\/index.php?rest_route=\/wp\/v2\/pages"}],"about":[{"href":"https:\/\/hullujuttu.fi\/index.php?rest_route=\/wp\/v2\/types\/page"}],"author":[{"embeddable":true,"href":"https:\/\/hullujuttu.fi\/index.php?rest_route=\/wp\/v2\/users\/1"}],"replies":[{"embeddable":true,"href":"https:\/\/hullujuttu.fi\/index.php?rest_route=%2Fwp%2Fv2%2Fcomments&post=81"}],"version-history":[{"count":8,"href":"https:\/\/hullujuttu.fi\/index.php?rest_route=\/wp\/v2\/pages\/81\/revisions"}],"predecessor-version":[{"id":154,"href":"https:\/\/hullujuttu.fi\/index.php?rest_route=\/wp\/v2\/pages\/81\/revisions\/154"}],"wp:attachment":[{"href":"https:\/\/hullujuttu.fi\/index.php?rest_route=%2Fwp%2Fv2%2Fmedia&parent=81"}],"curies":[{"name":"wp","href":"https:\/\/api.w.org\/{rel}","templated":true}]}}