{"id":79,"date":"2025-06-08T17:06:21","date_gmt":"2025-06-08T14:06:21","guid":{"rendered":"https:\/\/hullujuttu.fi\/?page_id=79"},"modified":"2025-06-08T20:46:05","modified_gmt":"2025-06-08T17:46:05","slug":"meista","status":"publish","type":"page","link":"https:\/\/hullujuttu.fi\/?page_id=79","title":{"rendered":"Meist\u00e4"},"content":{"rendered":"\n<div class=\"wp-block-media-text is-stacked-on-mobile\"><figure class=\"wp-block-media-text__media\"><img loading=\"lazy\" decoding=\"async\" width=\"810\" height=\"916\" src=\"https:\/\/hullujuttu.fi\/wp-content\/uploads\/2025\/06\/Tuomo-ja-Pia-1.jpg\" alt=\"\" class=\"wp-image-157 size-full\" srcset=\"https:\/\/hullujuttu.fi\/wp-content\/uploads\/2025\/06\/Tuomo-ja-Pia-1.jpg 810w, https:\/\/hullujuttu.fi\/wp-content\/uploads\/2025\/06\/Tuomo-ja-Pia-1-265x300.jpg 265w, https:\/\/hullujuttu.fi\/wp-content\/uploads\/2025\/06\/Tuomo-ja-Pia-1-768x869.jpg 768w\" sizes=\"auto, (max-width: 810px) 100vw, 810px\" \/><\/figure><div class=\"wp-block-media-text__content\">\n<p class=\"has-medium-font-size\">Jenkkiautoilusta se oikeastaan l\u00e4hti. Aktiivisina cruisailijoina halusimme tyylikk\u00e4\u00e4n ja yksil\u00f6llisen tavan kertoa autoistamme enemm\u00e4n; ensimm\u00e4inen kaiverrusty\u00f6mme olikin Thunderbirdin kuva vanerille. <\/p>\n\n\n\n<p class=\"has-medium-font-size\">Harjoitteluvaiheessa malliksi p\u00e4\u00e4siv\u00e4t niin oma koira, kuin sukulaisten, yst\u00e4vien ja naapureidenkin lemmikit. Osa heist\u00e4 on nyt n\u00e4kyvill\u00e4 sivustollakin.<\/p>\n\n\n\n<p class=\"has-medium-font-size\">Toimimme Porvoosta k\u00e4sin, mutta paljon liikkuvina meid\u00e4t voi bongata ymp\u00e4ri Etel\u00e4-Suomen, erityisesti jenkkiautotapahtumissa.<\/p>\n\n\n\n<blockquote class=\"wp-block-quote is-layout-flow wp-block-quote-is-layout-flow\">\n<blockquote class=\"wp-block-quote is-layout-flow wp-block-quote-is-layout-flow\">\n<p><\/p>\n<\/blockquote>\n<\/blockquote>\n\n\n\n<blockquote class=\"wp-block-quote has-upper-heading-font-size is-layout-flow wp-block-quote-is-layout-flow\" style=\"margin-top:var(--wp--preset--spacing--40);margin-right:var(--wp--preset--spacing--70);margin-bottom:var(--wp--preset--spacing--40);margin-left:var(--wp--preset--spacing--70);padding-top:var(--wp--preset--spacing--40);padding-right:var(--wp--preset--spacing--40);padding-bottom:var(--wp--preset--spacing--40);padding-left:var(--wp--preset--spacing--40)\">\n<p>Laserkaivertaminen mahdollistaa ihan erilaisen luovuuden: se on v\u00e4h\u00e4n kuin tulostamista, mutta kaivertamisen s\u00e4\u00e4d\u00f6ill\u00e4 ja materiaalivalinnoilla saadaan kuvasta kuin kuvasta t\u00e4ysin omanlaisensa. Oheinenkin kuva on taiteellinen laserkaiverrusty\u00f6 alkuper\u00e4isest\u00e4 valokuvasta.<\/p>\n<\/blockquote>\n<\/div><\/div>\n","protected":false},"excerpt":{"rendered":"","protected":false},"author":1,"featured_media":0,"parent":0,"menu_order":0,"comment_status":"closed","ping_status":"closed","template":"","meta":{"footnotes":""},"class_list":["post-79","page","type-page","status-publish","hentry"],"yoast_head":"<!-- This site is optimized with the Yoast SEO plugin v27.6 - https:\/\/yoast.com\/product\/yoast-seo-wordpress\/ -->\n<title>Meist\u00e4 - Hullujuttu<\/title>\n<meta name=\"robots\" content=\"index, follow, max-snippet:-1, max-image-preview:large, max-video-preview:-1\" \/>\n<link rel=\"canonical\" href=\"https:\/\/hullujuttu.fi\/?page_id=79\" \/>\n<meta property=\"og:locale\" content=\"fi_FI\" \/>\n<meta property=\"og:type\" content=\"article\" \/>\n<meta property=\"og:title\" content=\"Meist\u00e4 - Hullujuttu\" \/>\n<meta property=\"og:url\" content=\"https:\/\/hullujuttu.fi\/?page_id=79\" \/>\n<meta property=\"og:site_name\" content=\"Hullujuttu\" \/>\n<meta property=\"article:publisher\" content=\"https:\/\/www.facebook.com\/profile.php?id=61576895710394\" \/>\n<meta property=\"article:modified_time\" content=\"2025-06-08T17:46:05+00:00\" \/>\n<meta property=\"og:image\" content=\"https:\/\/hullujuttu.fi\/wp-content\/uploads\/2025\/06\/Tuomo-ja-Pia-1.jpg\" \/>\n<meta name=\"twitter:card\" content=\"summary_large_image\" \/>\n<script type=\"application\/ld+json\" class=\"yoast-schema-graph\">{\"@context\":\"https:\\\/\\\/schema.org\",\"@graph\":[{\"@type\":\"WebPage\",\"@id\":\"https:\\\/\\\/hullujuttu.fi\\\/?page_id=79\",\"url\":\"https:\\\/\\\/hullujuttu.fi\\\/?page_id=79\",\"name\":\"Meist\u00e4 - Hullujuttu\",\"isPartOf\":{\"@id\":\"https:\\\/\\\/hullujuttu.fi\\\/#website\"},\"primaryImageOfPage\":{\"@id\":\"https:\\\/\\\/hullujuttu.fi\\\/?page_id=79#primaryimage\"},\"image\":{\"@id\":\"https:\\\/\\\/hullujuttu.fi\\\/?page_id=79#primaryimage\"},\"thumbnailUrl\":\"https:\\\/\\\/hullujuttu.fi\\\/wp-content\\\/uploads\\\/2025\\\/06\\\/Tuomo-ja-Pia-1.jpg\",\"datePublished\":\"2025-06-08T14:06:21+00:00\",\"dateModified\":\"2025-06-08T17:46:05+00:00\",\"breadcrumb\":{\"@id\":\"https:\\\/\\\/hullujuttu.fi\\\/?page_id=79#breadcrumb\"},\"inLanguage\":\"fi\",\"potentialAction\":[{\"@type\":\"ReadAction\",\"target\":[\"https:\\\/\\\/hullujuttu.fi\\\/?page_id=79\"]}]},{\"@type\":\"ImageObject\",\"inLanguage\":\"fi\",\"@id\":\"https:\\\/\\\/hullujuttu.fi\\\/?page_id=79#primaryimage\",\"url\":\"https:\\\/\\\/hullujuttu.fi\\\/wp-content\\\/uploads\\\/2025\\\/06\\\/Tuomo-ja-Pia-1.jpg\",\"contentUrl\":\"https:\\\/\\\/hullujuttu.fi\\\/wp-content\\\/uploads\\\/2025\\\/06\\\/Tuomo-ja-Pia-1.jpg\",\"width\":810,\"height\":916},{\"@type\":\"BreadcrumbList\",\"@id\":\"https:\\\/\\\/hullujuttu.fi\\\/?page_id=79#breadcrumb\",\"itemListElement\":[{\"@type\":\"ListItem\",\"position\":1,\"name\":\"Etusivu\",\"item\":\"https:\\\/\\\/hullujuttu.fi\\\/\"},{\"@type\":\"ListItem\",\"position\":2,\"name\":\"Meist\u00e4\"}]},{\"@type\":\"WebSite\",\"@id\":\"https:\\\/\\\/hullujuttu.fi\\\/#website\",\"url\":\"https:\\\/\\\/hullujuttu.fi\\\/\",\"name\":\"Hullujuttu\",\"description\":\"Yksil&ouml;llisi&auml; ja massasta erottuvia laserkaiverrust&ouml;it&auml;.\",\"publisher\":{\"@id\":\"https:\\\/\\\/hullujuttu.fi\\\/#organization\"},\"potentialAction\":[{\"@type\":\"SearchAction\",\"target\":{\"@type\":\"EntryPoint\",\"urlTemplate\":\"https:\\\/\\\/hullujuttu.fi\\\/?s={search_term_string}\"},\"query-input\":{\"@type\":\"PropertyValueSpecification\",\"valueRequired\":true,\"valueName\":\"search_term_string\"}}],\"inLanguage\":\"fi\"},{\"@type\":\"Organization\",\"@id\":\"https:\\\/\\\/hullujuttu.fi\\\/#organization\",\"name\":\"Hullujuttu\",\"url\":\"https:\\\/\\\/hullujuttu.fi\\\/\",\"logo\":{\"@type\":\"ImageObject\",\"inLanguage\":\"fi\",\"@id\":\"https:\\\/\\\/hullujuttu.fi\\\/#\\\/schema\\\/logo\\\/image\\\/\",\"url\":\"https:\\\/\\\/hullujuttu.fi\\\/wp-content\\\/uploads\\\/2025\\\/05\\\/cropped-Hullujuttu-logoehdotus-2-iso-1.jpg\",\"contentUrl\":\"https:\\\/\\\/hullujuttu.fi\\\/wp-content\\\/uploads\\\/2025\\\/05\\\/cropped-Hullujuttu-logoehdotus-2-iso-1.jpg\",\"width\":512,\"height\":512,\"caption\":\"Hullujuttu\"},\"image\":{\"@id\":\"https:\\\/\\\/hullujuttu.fi\\\/#\\\/schema\\\/logo\\\/image\\\/\"},\"sameAs\":[\"https:\\\/\\\/www.facebook.com\\\/profile.php?id=61576895710394\"]}]}<\/script>\n<!-- \/ Yoast SEO plugin. -->","yoast_head_json":{"title":"Meist\u00e4 - Hullujuttu","robots":{"index":"index","follow":"follow","max-snippet":"max-snippet:-1","max-image-preview":"max-image-preview:large","max-video-preview":"max-video-preview:-1"},"canonical":"https:\/\/hullujuttu.fi\/?page_id=79","og_locale":"fi_FI","og_type":"article","og_title":"Meist\u00e4 - Hullujuttu","og_url":"https:\/\/hullujuttu.fi\/?page_id=79","og_site_name":"Hullujuttu","article_publisher":"https:\/\/www.facebook.com\/profile.php?id=61576895710394","article_modified_time":"2025-06-08T17:46:05+00:00","og_image":[{"url":"https:\/\/hullujuttu.fi\/wp-content\/uploads\/2025\/06\/Tuomo-ja-Pia-1.jpg","type":"","width":"","height":""}],"twitter_card":"summary_large_image","schema":{"@context":"https:\/\/schema.org","@graph":[{"@type":"WebPage","@id":"https:\/\/hullujuttu.fi\/?page_id=79","url":"https:\/\/hullujuttu.fi\/?page_id=79","name":"Meist\u00e4 - Hullujuttu","isPartOf":{"@id":"https:\/\/hullujuttu.fi\/#website"},"primaryImageOfPage":{"@id":"https:\/\/hullujuttu.fi\/?page_id=79#primaryimage"},"image":{"@id":"https:\/\/hullujuttu.fi\/?page_id=79#primaryimage"},"thumbnailUrl":"https:\/\/hullujuttu.fi\/wp-content\/uploads\/2025\/06\/Tuomo-ja-Pia-1.jpg","datePublished":"2025-06-08T14:06:21+00:00","dateModified":"2025-06-08T17:46:05+00:00","breadcrumb":{"@id":"https:\/\/hullujuttu.fi\/?page_id=79#breadcrumb"},"inLanguage":"fi","potentialAction":[{"@type":"ReadAction","target":["https:\/\/hullujuttu.fi\/?page_id=79"]}]},{"@type":"ImageObject","inLanguage":"fi","@id":"https:\/\/hullujuttu.fi\/?page_id=79#primaryimage","url":"https:\/\/hullujuttu.fi\/wp-content\/uploads\/2025\/06\/Tuomo-ja-Pia-1.jpg","contentUrl":"https:\/\/hullujuttu.fi\/wp-content\/uploads\/2025\/06\/Tuomo-ja-Pia-1.jpg","width":810,"height":916},{"@type":"BreadcrumbList","@id":"https:\/\/hullujuttu.fi\/?page_id=79#breadcrumb","itemListElement":[{"@type":"ListItem","position":1,"name":"Etusivu","item":"https:\/\/hullujuttu.fi\/"},{"@type":"ListItem","position":2,"name":"Meist\u00e4"}]},{"@type":"WebSite","@id":"https:\/\/hullujuttu.fi\/#website","url":"https:\/\/hullujuttu.fi\/","name":"Hullujuttu","description":"Yksil&ouml;llisi&auml; ja massasta erottuvia laserkaiverrust&ouml;it&auml;.","publisher":{"@id":"https:\/\/hullujuttu.fi\/#organization"},"potentialAction":[{"@type":"SearchAction","target":{"@type":"EntryPoint","urlTemplate":"https:\/\/hullujuttu.fi\/?s={search_term_string}"},"query-input":{"@type":"PropertyValueSpecification","valueRequired":true,"valueName":"search_term_string"}}],"inLanguage":"fi"},{"@type":"Organization","@id":"https:\/\/hullujuttu.fi\/#organization","name":"Hullujuttu","url":"https:\/\/hullujuttu.fi\/","logo":{"@type":"ImageObject","inLanguage":"fi","@id":"https:\/\/hullujuttu.fi\/#\/schema\/logo\/image\/","url":"https:\/\/hullujuttu.fi\/wp-content\/uploads\/2025\/05\/cropped-Hullujuttu-logoehdotus-2-iso-1.jpg","contentUrl":"https:\/\/hullujuttu.fi\/wp-content\/uploads\/2025\/05\/cropped-Hullujuttu-logoehdotus-2-iso-1.jpg","width":512,"height":512,"caption":"Hullujuttu"},"image":{"@id":"https:\/\/hullujuttu.fi\/#\/schema\/logo\/image\/"},"sameAs":["https:\/\/www.facebook.com\/profile.php?id=61576895710394"]}]}},"_links":{"self":[{"href":"https:\/\/hullujuttu.fi\/index.php?rest_route=\/wp\/v2\/pages\/79","targetHints":{"allow":["GET"]}}],"collection":[{"href":"https:\/\/hullujuttu.fi\/index.php?rest_route=\/wp\/v2\/pages"}],"about":[{"href":"https:\/\/hullujuttu.fi\/index.php?rest_route=\/wp\/v2\/types\/page"}],"author":[{"embeddable":true,"href":"https:\/\/hullujuttu.fi\/index.php?rest_route=\/wp\/v2\/users\/1"}],"replies":[{"embeddable":true,"href":"https:\/\/hullujuttu.fi\/index.php?rest_route=%2Fwp%2Fv2%2Fcomments&post=79"}],"version-history":[{"count":10,"href":"https:\/\/hullujuttu.fi\/index.php?rest_route=\/wp\/v2\/pages\/79\/revisions"}],"predecessor-version":[{"id":207,"href":"https:\/\/hullujuttu.fi\/index.php?rest_route=\/wp\/v2\/pages\/79\/revisions\/207"}],"wp:attachment":[{"href":"https:\/\/hullujuttu.fi\/index.php?rest_route=%2Fwp%2Fv2%2Fmedia&parent=79"}],"curies":[{"name":"wp","href":"https:\/\/api.w.org\/{rel}","templated":true}]}}