{"id":188,"date":"2025-06-08T20:02:59","date_gmt":"2025-06-08T17:02:59","guid":{"rendered":"https:\/\/hullujuttu.fi\/?page_id=188"},"modified":"2025-06-08T20:14:31","modified_gmt":"2025-06-08T17:14:31","slug":"mita-teemme","status":"publish","type":"page","link":"https:\/\/hullujuttu.fi\/?page_id=188","title":{"rendered":"Mit\u00e4 teemme?"},"content":{"rendered":"\n<div class=\"wp-block-media-text is-stacked-on-mobile\"><figure class=\"wp-block-media-text__media\"><img loading=\"lazy\" decoding=\"async\" width=\"574\" height=\"387\" src=\"https:\/\/hullujuttu.fi\/wp-content\/uploads\/2025\/06\/Kalle-1-1.jpg\" alt=\"\" class=\"wp-image-190 size-full\" srcset=\"https:\/\/hullujuttu.fi\/wp-content\/uploads\/2025\/06\/Kalle-1-1.jpg 574w, https:\/\/hullujuttu.fi\/wp-content\/uploads\/2025\/06\/Kalle-1-1-300x202.jpg 300w\" sizes=\"auto, (max-width: 574px) 100vw, 574px\" \/><\/figure><div class=\"wp-block-media-text__content\">\n<p class=\"has-medium-font-size\">Teemme yksil\u00f6llisi\u00e4 laserkaiverruksia ja -leikkauksia erilaisille materiaaleille. Kun kaiverrus tehd\u00e4\u00e4n itse valitsemastasi kuvasta, voit olla varma, ett\u00e4 samanlaista tuotetta ei vastaan tule! Kuva voidaan kaivertaa juuri niin realistisesti tai taiteellisesti kuin haluat. My\u00f6s materiaalin valinta vaikuttaa kaiverrustulokseen; esimerkiksi puun syyt saattavat tuoda kuvaan oman yksil\u00f6llisen lis\u00e4ns\u00e4.<\/p>\n\n\n\n<p class=\"has-medium-font-size\">Materiaaleina k\u00e4yt\u00e4mme mm. vaneria, mdf-levy\u00e4, nahkaa ja nahkaj\u00e4ljitelm\u00e4\u00e4, puuta, lasia, erilaisia metallipintoja&#8230;vain mielikuvitus on materiaalin valinnassa rajana!<\/p>\n<\/div><\/div>\n\n\n\n<div class=\"wp-block-stackable-divider stk-block-divider stk-block stk-39310f6\" data-block-id=\"39310f6\"><hr class=\"stk-block-divider__hr\"\/><\/div>\n\n\n\n<p class=\"has-content-heading-font-size\">Ideoita laserkaiverrustuotteille:<\/p>\n\n\n\n<div class=\"wp-block-stackable-divider stk-block-divider stk-block stk-4644f64\" data-block-id=\"4644f64\"><hr class=\"stk-block-divider__hr\"\/><\/div>\n\n\n\n<div class=\"wp-block-stackable-icon-list stk-block-icon-list stk-block stk-9f7fac0\" data-block-id=\"9f7fac0\"><svg style=\"display:none\"><defs><g id=\"stk-icon-list__icon-svg-def-9f7fac0\"><svg xmlns=\"http:\/\/www.w3.org\/2000\/svg\" viewBox=\"0 0 190 190\"><polygon points=\"173.8,28.4 60.4,141.8 15.7,97.2 5.1,107.8 60.4,163 184.4,39 173.8,28.4\"\/><\/svg><\/g><\/defs><\/svg><ul class=\"stk-block-icon-list__ul stk-block-icon-list--column\">\n<li class=\"wp-block-stackable-icon-list-item stk-block-icon-list-item stk-block stk-cface5e\" data-block-id=\"cface5e\"><style>.stk-cface5e .stk-block-icon-list-item__text{font-size:var(--stk--preset--font-size--medium, 16px) !important;}@media screen and (max-width: 1023px){.stk-cface5e .stk-block-icon-list-item__text{font-size:var(--stk--preset--font-size--medium, 16px) !important;}}<\/style><div class=\"stk-block-icon-list-item__content\"><span class=\"stk--svg-wrapper\"><div class=\"stk--inner-svg\"><svg aria-hidden=\"true\" width=\"32\" height=\"32\"><use xlink:href=\"#stk-icon-list__icon-svg-def-9f7fac0\"><\/use><\/svg><\/div><\/span><span class=\"stk-block-icon-list-item__text\">sisustukseen<\/span><\/div><\/li>\n\n\n\n<li class=\"wp-block-stackable-icon-list-item stk-block-icon-list-item stk-block stk-f5bd368\" data-block-id=\"f5bd368\"><style>.stk-f5bd368 .stk-block-icon-list-item__text{font-size:var(--stk--preset--font-size--medium, 16px) !important;}@media screen and (max-width: 1023px){.stk-f5bd368 .stk-block-icon-list-item__text{font-size:var(--stk--preset--font-size--medium, 16px) !important;}}<\/style><div class=\"stk-block-icon-list-item__content\"><span class=\"stk--svg-wrapper\"><div class=\"stk--inner-svg\"><svg aria-hidden=\"true\" width=\"32\" height=\"32\"><use xlink:href=\"#stk-icon-list__icon-svg-def-9f7fac0\"><\/use><\/svg><\/div><\/span><span class=\"stk-block-icon-list-item__text\">lahjaksi (heille, keill\u00e4 on jo kaikkea)<\/span><\/div><\/li>\n\n\n\n<li class=\"wp-block-stackable-icon-list-item stk-block-icon-list-item stk-block stk-dc1850c\" data-block-id=\"dc1850c\"><style>.stk-dc1850c .stk-block-icon-list-item__text{font-size:var(--stk--preset--font-size--medium, 16px) !important;}@media screen and (max-width: 1023px){.stk-dc1850c .stk-block-icon-list-item__text{font-size:var(--stk--preset--font-size--medium, 16px) !important;}}<\/style><div class=\"stk-block-icon-list-item__content\"><span class=\"stk--svg-wrapper\"><div class=\"stk--inner-svg\"><svg aria-hidden=\"true\" width=\"32\" height=\"32\"><use xlink:href=\"#stk-icon-list__icon-svg-def-9f7fac0\"><\/use><\/svg><\/div><\/span><span class=\"stk-block-icon-list-item__text\">helpottamaan arkea, esimerkiksi erilaiset kyltit ja avaimenper\u00e4t<\/span><\/div><\/li>\n\n\n\n<li class=\"wp-block-stackable-icon-list-item stk-block-icon-list-item stk-block stk-74643db\" data-block-id=\"74643db\"><style>.stk-74643db .stk-block-icon-list-item__text{font-size:var(--stk--preset--font-size--medium, 16px) !important;}@media screen and (max-width: 1023px){.stk-74643db .stk-block-icon-list-item__text{font-size:var(--stk--preset--font-size--medium, 16px) !important;}}<\/style><div class=\"stk-block-icon-list-item__content\"><span class=\"stk--svg-wrapper\"><div class=\"stk--inner-svg\"><svg aria-hidden=\"true\" width=\"32\" height=\"32\"><use xlink:href=\"#stk-icon-list__icon-svg-def-9f7fac0\"><\/use><\/svg><\/div><\/span><span class=\"stk-block-icon-list-item__text\">yksil\u00f6llisi\u00e4 ja taatusti persoonallisia tuotteita, joita ei muilla ole <\/span><\/div><\/li>\n<\/ul><\/div>\n\n\n\n<figure class=\"wp-block-image aligncenter size-full\"><img loading=\"lazy\" decoding=\"async\" width=\"460\" height=\"301\" src=\"https:\/\/hullujuttu.fi\/wp-content\/uploads\/2025\/06\/Aspen-1-1.jpg\" alt=\"\" class=\"wp-image-196\" srcset=\"https:\/\/hullujuttu.fi\/wp-content\/uploads\/2025\/06\/Aspen-1-1.jpg 460w, https:\/\/hullujuttu.fi\/wp-content\/uploads\/2025\/06\/Aspen-1-1-300x196.jpg 300w\" sizes=\"auto, (max-width: 460px) 100vw, 460px\" \/><\/figure>\n","protected":false},"excerpt":{"rendered":"<p>Teemme yksil\u00f6llisi\u00e4 laserkaiverruksia ja -leikkauksia erilaisille materiaaleille. Kun kaiverrus tehd\u00e4\u00e4n itse valitsemastasi kuvasta, voit olla varma, ett\u00e4 samanlaista tuotetta ei vastaan tule! Kuva voidaan kaivertaa juuri niin realistisesti tai taiteellisesti kuin haluat. My\u00f6s materiaalin valinta vaikuttaa kaiverrustulokseen; esimerkiksi puun syyt saattavat tuoda kuvaan oman yksil\u00f6llisen lis\u00e4ns\u00e4. Materiaaleina k\u00e4yt\u00e4mme mm. vaneria, mdf-levy\u00e4, nahkaa ja nahkaj\u00e4ljitelm\u00e4\u00e4, puuta, [&hellip;]<\/p>\n","protected":false},"author":1,"featured_media":0,"parent":0,"menu_order":0,"comment_status":"closed","ping_status":"closed","template":"","meta":{"footnotes":""},"class_list":["post-188","page","type-page","status-publish","hentry"],"yoast_head":"<!-- This site is optimized with the Yoast SEO plugin v27.6 - https:\/\/yoast.com\/product\/yoast-seo-wordpress\/ -->\n<title>Mit\u00e4 teemme? - Hullujuttu<\/title>\n<meta name=\"robots\" content=\"index, follow, max-snippet:-1, max-image-preview:large, max-video-preview:-1\" \/>\n<link rel=\"canonical\" href=\"https:\/\/hullujuttu.fi\/?page_id=188\" \/>\n<meta property=\"og:locale\" content=\"fi_FI\" \/>\n<meta property=\"og:type\" content=\"article\" \/>\n<meta property=\"og:title\" content=\"Mit\u00e4 teemme? - Hullujuttu\" \/>\n<meta property=\"og:description\" content=\"Teemme yksil\u00f6llisi\u00e4 laserkaiverruksia ja -leikkauksia erilaisille materiaaleille. Kun kaiverrus tehd\u00e4\u00e4n itse valitsemastasi kuvasta, voit olla varma, ett\u00e4 samanlaista tuotetta ei vastaan tule! Kuva voidaan kaivertaa juuri niin realistisesti tai taiteellisesti kuin haluat. My\u00f6s materiaalin valinta vaikuttaa kaiverrustulokseen; esimerkiksi puun syyt saattavat tuoda kuvaan oman yksil\u00f6llisen lis\u00e4ns\u00e4. Materiaaleina k\u00e4yt\u00e4mme mm. vaneria, mdf-levy\u00e4, nahkaa ja nahkaj\u00e4ljitelm\u00e4\u00e4, puuta, [&hellip;]\" \/>\n<meta property=\"og:url\" content=\"https:\/\/hullujuttu.fi\/?page_id=188\" \/>\n<meta property=\"og:site_name\" content=\"Hullujuttu\" \/>\n<meta property=\"article:publisher\" content=\"https:\/\/www.facebook.com\/profile.php?id=61576895710394\" \/>\n<meta property=\"article:modified_time\" content=\"2025-06-08T17:14:31+00:00\" \/>\n<meta property=\"og:image\" content=\"https:\/\/hullujuttu.fi\/wp-content\/uploads\/2025\/06\/Kalle-1-1.jpg\" \/>\n<meta name=\"twitter:card\" content=\"summary_large_image\" \/>\n<script type=\"application\/ld+json\" class=\"yoast-schema-graph\">{\"@context\":\"https:\\\/\\\/schema.org\",\"@graph\":[{\"@type\":\"WebPage\",\"@id\":\"https:\\\/\\\/hullujuttu.fi\\\/?page_id=188\",\"url\":\"https:\\\/\\\/hullujuttu.fi\\\/?page_id=188\",\"name\":\"Mit\u00e4 teemme? - Hullujuttu\",\"isPartOf\":{\"@id\":\"https:\\\/\\\/hullujuttu.fi\\\/#website\"},\"primaryImageOfPage\":{\"@id\":\"https:\\\/\\\/hullujuttu.fi\\\/?page_id=188#primaryimage\"},\"image\":{\"@id\":\"https:\\\/\\\/hullujuttu.fi\\\/?page_id=188#primaryimage\"},\"thumbnailUrl\":\"https:\\\/\\\/hullujuttu.fi\\\/wp-content\\\/uploads\\\/2025\\\/06\\\/Kalle-1-1.jpg\",\"datePublished\":\"2025-06-08T17:02:59+00:00\",\"dateModified\":\"2025-06-08T17:14:31+00:00\",\"breadcrumb\":{\"@id\":\"https:\\\/\\\/hullujuttu.fi\\\/?page_id=188#breadcrumb\"},\"inLanguage\":\"fi\",\"potentialAction\":[{\"@type\":\"ReadAction\",\"target\":[\"https:\\\/\\\/hullujuttu.fi\\\/?page_id=188\"]}]},{\"@type\":\"ImageObject\",\"inLanguage\":\"fi\",\"@id\":\"https:\\\/\\\/hullujuttu.fi\\\/?page_id=188#primaryimage\",\"url\":\"https:\\\/\\\/hullujuttu.fi\\\/wp-content\\\/uploads\\\/2025\\\/06\\\/Kalle-1-1.jpg\",\"contentUrl\":\"https:\\\/\\\/hullujuttu.fi\\\/wp-content\\\/uploads\\\/2025\\\/06\\\/Kalle-1-1.jpg\",\"width\":574,\"height\":387},{\"@type\":\"BreadcrumbList\",\"@id\":\"https:\\\/\\\/hullujuttu.fi\\\/?page_id=188#breadcrumb\",\"itemListElement\":[{\"@type\":\"ListItem\",\"position\":1,\"name\":\"Etusivu\",\"item\":\"https:\\\/\\\/hullujuttu.fi\\\/\"},{\"@type\":\"ListItem\",\"position\":2,\"name\":\"Mit\u00e4 teemme?\"}]},{\"@type\":\"WebSite\",\"@id\":\"https:\\\/\\\/hullujuttu.fi\\\/#website\",\"url\":\"https:\\\/\\\/hullujuttu.fi\\\/\",\"name\":\"Hullujuttu\",\"description\":\"Yksil&ouml;llisi&auml; ja massasta erottuvia laserkaiverrust&ouml;it&auml;.\",\"publisher\":{\"@id\":\"https:\\\/\\\/hullujuttu.fi\\\/#organization\"},\"potentialAction\":[{\"@type\":\"SearchAction\",\"target\":{\"@type\":\"EntryPoint\",\"urlTemplate\":\"https:\\\/\\\/hullujuttu.fi\\\/?s={search_term_string}\"},\"query-input\":{\"@type\":\"PropertyValueSpecification\",\"valueRequired\":true,\"valueName\":\"search_term_string\"}}],\"inLanguage\":\"fi\"},{\"@type\":\"Organization\",\"@id\":\"https:\\\/\\\/hullujuttu.fi\\\/#organization\",\"name\":\"Hullujuttu\",\"url\":\"https:\\\/\\\/hullujuttu.fi\\\/\",\"logo\":{\"@type\":\"ImageObject\",\"inLanguage\":\"fi\",\"@id\":\"https:\\\/\\\/hullujuttu.fi\\\/#\\\/schema\\\/logo\\\/image\\\/\",\"url\":\"https:\\\/\\\/hullujuttu.fi\\\/wp-content\\\/uploads\\\/2025\\\/05\\\/cropped-Hullujuttu-logoehdotus-2-iso-1.jpg\",\"contentUrl\":\"https:\\\/\\\/hullujuttu.fi\\\/wp-content\\\/uploads\\\/2025\\\/05\\\/cropped-Hullujuttu-logoehdotus-2-iso-1.jpg\",\"width\":512,\"height\":512,\"caption\":\"Hullujuttu\"},\"image\":{\"@id\":\"https:\\\/\\\/hullujuttu.fi\\\/#\\\/schema\\\/logo\\\/image\\\/\"},\"sameAs\":[\"https:\\\/\\\/www.facebook.com\\\/profile.php?id=61576895710394\"]}]}<\/script>\n<!-- \/ Yoast SEO plugin. -->","yoast_head_json":{"title":"Mit\u00e4 teemme? - Hullujuttu","robots":{"index":"index","follow":"follow","max-snippet":"max-snippet:-1","max-image-preview":"max-image-preview:large","max-video-preview":"max-video-preview:-1"},"canonical":"https:\/\/hullujuttu.fi\/?page_id=188","og_locale":"fi_FI","og_type":"article","og_title":"Mit\u00e4 teemme? - Hullujuttu","og_description":"Teemme yksil\u00f6llisi\u00e4 laserkaiverruksia ja -leikkauksia erilaisille materiaaleille. Kun kaiverrus tehd\u00e4\u00e4n itse valitsemastasi kuvasta, voit olla varma, ett\u00e4 samanlaista tuotetta ei vastaan tule! Kuva voidaan kaivertaa juuri niin realistisesti tai taiteellisesti kuin haluat. My\u00f6s materiaalin valinta vaikuttaa kaiverrustulokseen; esimerkiksi puun syyt saattavat tuoda kuvaan oman yksil\u00f6llisen lis\u00e4ns\u00e4. Materiaaleina k\u00e4yt\u00e4mme mm. vaneria, mdf-levy\u00e4, nahkaa ja nahkaj\u00e4ljitelm\u00e4\u00e4, puuta, [&hellip;]","og_url":"https:\/\/hullujuttu.fi\/?page_id=188","og_site_name":"Hullujuttu","article_publisher":"https:\/\/www.facebook.com\/profile.php?id=61576895710394","article_modified_time":"2025-06-08T17:14:31+00:00","og_image":[{"url":"https:\/\/hullujuttu.fi\/wp-content\/uploads\/2025\/06\/Kalle-1-1.jpg","type":"","width":"","height":""}],"twitter_card":"summary_large_image","schema":{"@context":"https:\/\/schema.org","@graph":[{"@type":"WebPage","@id":"https:\/\/hullujuttu.fi\/?page_id=188","url":"https:\/\/hullujuttu.fi\/?page_id=188","name":"Mit\u00e4 teemme? - Hullujuttu","isPartOf":{"@id":"https:\/\/hullujuttu.fi\/#website"},"primaryImageOfPage":{"@id":"https:\/\/hullujuttu.fi\/?page_id=188#primaryimage"},"image":{"@id":"https:\/\/hullujuttu.fi\/?page_id=188#primaryimage"},"thumbnailUrl":"https:\/\/hullujuttu.fi\/wp-content\/uploads\/2025\/06\/Kalle-1-1.jpg","datePublished":"2025-06-08T17:02:59+00:00","dateModified":"2025-06-08T17:14:31+00:00","breadcrumb":{"@id":"https:\/\/hullujuttu.fi\/?page_id=188#breadcrumb"},"inLanguage":"fi","potentialAction":[{"@type":"ReadAction","target":["https:\/\/hullujuttu.fi\/?page_id=188"]}]},{"@type":"ImageObject","inLanguage":"fi","@id":"https:\/\/hullujuttu.fi\/?page_id=188#primaryimage","url":"https:\/\/hullujuttu.fi\/wp-content\/uploads\/2025\/06\/Kalle-1-1.jpg","contentUrl":"https:\/\/hullujuttu.fi\/wp-content\/uploads\/2025\/06\/Kalle-1-1.jpg","width":574,"height":387},{"@type":"BreadcrumbList","@id":"https:\/\/hullujuttu.fi\/?page_id=188#breadcrumb","itemListElement":[{"@type":"ListItem","position":1,"name":"Etusivu","item":"https:\/\/hullujuttu.fi\/"},{"@type":"ListItem","position":2,"name":"Mit\u00e4 teemme?"}]},{"@type":"WebSite","@id":"https:\/\/hullujuttu.fi\/#website","url":"https:\/\/hullujuttu.fi\/","name":"Hullujuttu","description":"Yksil&ouml;llisi&auml; ja massasta erottuvia laserkaiverrust&ouml;it&auml;.","publisher":{"@id":"https:\/\/hullujuttu.fi\/#organization"},"potentialAction":[{"@type":"SearchAction","target":{"@type":"EntryPoint","urlTemplate":"https:\/\/hullujuttu.fi\/?s={search_term_string}"},"query-input":{"@type":"PropertyValueSpecification","valueRequired":true,"valueName":"search_term_string"}}],"inLanguage":"fi"},{"@type":"Organization","@id":"https:\/\/hullujuttu.fi\/#organization","name":"Hullujuttu","url":"https:\/\/hullujuttu.fi\/","logo":{"@type":"ImageObject","inLanguage":"fi","@id":"https:\/\/hullujuttu.fi\/#\/schema\/logo\/image\/","url":"https:\/\/hullujuttu.fi\/wp-content\/uploads\/2025\/05\/cropped-Hullujuttu-logoehdotus-2-iso-1.jpg","contentUrl":"https:\/\/hullujuttu.fi\/wp-content\/uploads\/2025\/05\/cropped-Hullujuttu-logoehdotus-2-iso-1.jpg","width":512,"height":512,"caption":"Hullujuttu"},"image":{"@id":"https:\/\/hullujuttu.fi\/#\/schema\/logo\/image\/"},"sameAs":["https:\/\/www.facebook.com\/profile.php?id=61576895710394"]}]}},"_links":{"self":[{"href":"https:\/\/hullujuttu.fi\/index.php?rest_route=\/wp\/v2\/pages\/188","targetHints":{"allow":["GET"]}}],"collection":[{"href":"https:\/\/hullujuttu.fi\/index.php?rest_route=\/wp\/v2\/pages"}],"about":[{"href":"https:\/\/hullujuttu.fi\/index.php?rest_route=\/wp\/v2\/types\/page"}],"author":[{"embeddable":true,"href":"https:\/\/hullujuttu.fi\/index.php?rest_route=\/wp\/v2\/users\/1"}],"replies":[{"embeddable":true,"href":"https:\/\/hullujuttu.fi\/index.php?rest_route=%2Fwp%2Fv2%2Fcomments&post=188"}],"version-history":[{"count":4,"href":"https:\/\/hullujuttu.fi\/index.php?rest_route=\/wp\/v2\/pages\/188\/revisions"}],"predecessor-version":[{"id":195,"href":"https:\/\/hullujuttu.fi\/index.php?rest_route=\/wp\/v2\/pages\/188\/revisions\/195"}],"wp:attachment":[{"href":"https:\/\/hullujuttu.fi\/index.php?rest_route=%2Fwp%2Fv2%2Fmedia&parent=188"}],"curies":[{"name":"wp","href":"https:\/\/api.w.org\/{rel}","templated":true}]}}